{"id":3240,"date":"2024-08-21T13:10:13","date_gmt":"2024-08-21T13:10:13","guid":{"rendered":"https:\/\/salmalytics.no\/?page_id=3240"},"modified":"2025-09-01T10:25:00","modified_gmt":"2025-09-01T10:25:00","slug":"vare-losninger","status":"publish","type":"page","link":"https:\/\/salmalytics.no\/?page_id=3240&lang=nb","title":{"rendered":"V\u00e5re tjenester"},"content":{"rendered":"\t\t<div data-elementor-type=\"wp-page\" data-elementor-id=\"3240\" class=\"elementor elementor-3240\">\n\t\t\t\t\t\t<section class=\"elementor-section elementor-top-section elementor-element elementor-element-747a7cae elementor-section-height-min-height elementor-section-boxed elementor-section-height-default elementor-section-items-middle\" data-id=\"747a7cae\" data-element_type=\"section\" data-e-type=\"section\" data-settings=\"{&quot;background_background&quot;:&quot;classic&quot;}\">\n\t\t\t\t\t\t\t<div class=\"elementor-background-overlay\"><\/div>\n\t\t\t\t\t\t\t<div class=\"elementor-container elementor-column-gap-default\">\n\t\t\t\t\t<div class=\"elementor-column elementor-col-100 elementor-top-column elementor-element elementor-element-4b07d4e\" data-id=\"4b07d4e\" data-element_type=\"column\" data-e-type=\"column\">\n\t\t\t<div class=\"elementor-widget-wrap elementor-element-populated\">\n\t\t\t\t\t\t<div class=\"elementor-element elementor-element-580d8edf elementor-widget elementor-widget-heading\" data-id=\"580d8edf\" data-element_type=\"widget\" data-e-type=\"widget\" data-widget_type=\"heading.default\">\n\t\t\t\t<div class=\"elementor-widget-container\">\n\t\t\t\t\t<h1 class=\"elementor-heading-title elementor-size-default\">V\u00e5re tjenester<\/h1>\t\t\t\t<\/div>\n\t\t\t\t<\/div>\n\t\t\t\t\t<\/div>\n\t\t<\/div>\n\t\t\t\t\t<\/div>\n\t\t<\/section>\n\t\t\t\t<section class=\"elementor-section elementor-top-section elementor-element elementor-element-7998b3d8 elementor-section-boxed elementor-section-height-default elementor-section-height-default\" data-id=\"7998b3d8\" data-element_type=\"section\" data-e-type=\"section\">\n\t\t\t\t\t\t<div class=\"elementor-container elementor-column-gap-default\">\n\t\t\t\t\t<div class=\"elementor-column elementor-col-100 elementor-top-column elementor-element elementor-element-313fcaeb\" data-id=\"313fcaeb\" data-element_type=\"column\" data-e-type=\"column\">\n\t\t\t<div class=\"elementor-widget-wrap elementor-element-populated\">\n\t\t\t\t\t\t<div class=\"elementor-element elementor-element-35aafef6 elementor-widget elementor-widget-spacer\" data-id=\"35aafef6\" data-element_type=\"widget\" data-e-type=\"widget\" data-widget_type=\"spacer.default\">\n\t\t\t\t<div class=\"elementor-widget-container\">\n\t\t\t\t\t\t\t<div class=\"elementor-spacer\">\n\t\t\t<div class=\"elementor-spacer-inner\"><\/div>\n\t\t<\/div>\n\t\t\t\t\t\t<\/div>\n\t\t\t\t<\/div>\n\t\t\t\t<div class=\"elementor-element elementor-element-5701e01a elementor-widget elementor-widget-text-editor\" data-id=\"5701e01a\" data-element_type=\"widget\" data-e-type=\"widget\" data-widget_type=\"text-editor.default\">\n\t\t\t\t<div class=\"elementor-widget-container\">\n\t\t\t\t\t\t\t\t\t<h3>Vi tilbyr et bredt spekter av tjenester innen flere omr\u00e5der. F\u00f8lg lenkene nedenfor for \u00e5 l\u00e6re mer om kategoriene innen v\u00e5r kjernekompetanse.<\/h3>\t\t\t\t\t\t\t\t<\/div>\n\t\t\t\t<\/div>\n\t\t\t\t<div class=\"elementor-element elementor-element-4eae999 elementor-widget-divider--view-line elementor-widget elementor-widget-divider\" data-id=\"4eae999\" data-element_type=\"widget\" data-e-type=\"widget\" data-widget_type=\"divider.default\">\n\t\t\t\t<div class=\"elementor-widget-container\">\n\t\t\t\t\t\t\t<div class=\"elementor-divider\">\n\t\t\t<span class=\"elementor-divider-separator\">\n\t\t\t\t\t\t<\/span>\n\t\t<\/div>\n\t\t\t\t\t\t<\/div>\n\t\t\t\t<\/div>\n\t\t\t\t\t<\/div>\n\t\t<\/div>\n\t\t\t\t\t<\/div>\n\t\t<\/section>\n\t\t\t\t<section data-pa-eq-height=\"{&quot;targetType&quot;:&quot;widget&quot;,&quot;target&quot;:[&quot;.elementor-widget-icon-box .elementor-widget-container&quot;],&quot;trigger&quot;:&quot;load&quot;,&quot;enableOn&quot;:[&quot;desktop&quot;,&quot;tablet&quot;,&quot;mobile&quot;]}\" class=\"elementor-section elementor-top-section elementor-element elementor-element-4750dba5 elementor-section-content-middle premium-equal-height-yes elementor-section-boxed elementor-section-height-default elementor-section-height-default\" data-id=\"4750dba5\" data-element_type=\"section\" data-e-type=\"section\" data-settings=\"{&quot;premium_eq_height_switcher&quot;:&quot;yes&quot;,&quot;premium_eq_height_target&quot;:[&quot;.elementor-widget-icon-box .elementor-widget-container&quot;]}\">\n\t\t\t\t\t\t<div class=\"elementor-container elementor-column-gap-default\">\n\t\t\t\t\t<div class=\"elementor-column elementor-col-25 elementor-top-column elementor-element elementor-element-70eea987\" data-id=\"70eea987\" data-element_type=\"column\" data-e-type=\"column\">\n\t\t\t<div class=\"elementor-widget-wrap elementor-element-populated\">\n\t\t\t\t\t\t<div data-ra-url=\"https:\/\/salmalytics.no\/?page_id=3264&#038;lang=nb\" data-ra-target=\"_self\" class=\"ra-clickable-wrapper elementor-element elementor-element-4398107d elementor-view-default elementor-position-block-start elementor-mobile-position-block-start elementor-widget elementor-widget-icon-box\" style=\"cursor:pointer;\" data-id=\"4398107d\" data-element_type=\"widget\" data-e-type=\"widget\" data-widget_type=\"icon-box.default\">\n\t\t\t\t<div class=\"elementor-widget-container\">\n\t\t\t\t\t\t\t<div class=\"elementor-icon-box-wrapper\">\n\n\t\t\t\t\t\t<div class=\"elementor-icon-box-icon\">\n\t\t\t\t<a href=\"https:\/\/salmalytics.no\/?page_id=3264&#038;lang=nb\" class=\"elementor-icon\" tabindex=\"-1\" aria-label=\"Epidemiologi og dataanalyse\">\n\t\t\t\t<i aria-hidden=\"true\" class=\"fas fa-viruses\"><\/i>\t\t\t\t<\/a>\n\t\t\t<\/div>\n\t\t\t\n\t\t\t\t\t\t<div class=\"elementor-icon-box-content\">\n\n\t\t\t\t\t\t\t\t\t<h3 class=\"elementor-icon-box-title\">\n\t\t\t\t\t\t<a href=\"https:\/\/salmalytics.no\/?page_id=3264&#038;lang=nb\" >\n\t\t\t\t\t\t\tEpidemiologi og dataanalyse\t\t\t\t\t\t<\/a>\n\t\t\t\t\t<\/h3>\n\t\t\t\t\n\t\t\t\t\t\t\t\t\t<p class=\"elementor-icon-box-description\">\n\t\t\t\t\t\tEpidemiologiske og statistiske metoder for \u00e5 avdekke sammenhenger, \u00f8ke forst\u00e5elsen og veilede tiltak knyttet til fiskepopulasjoner.<br><br><br>Klikk for \u00e5 l\u00e6re mer.\t\t\t\t\t<\/p>\n\t\t\t\t\n\t\t\t<\/div>\n\t\t\t\n\t\t<\/div>\n\t\t\t\t\t\t<\/div>\n\t\t\t\t<\/div>\n\t\t\t\t\t<\/div>\n\t\t<\/div>\n\t\t\t\t<div class=\"elementor-column elementor-col-25 elementor-top-column elementor-element elementor-element-1adb218c\" data-id=\"1adb218c\" data-element_type=\"column\" data-e-type=\"column\">\n\t\t\t<div class=\"elementor-widget-wrap elementor-element-populated\">\n\t\t\t\t\t\t<div data-ra-url=\"https:\/\/salmalytics.no\/?page_id=3273&#038;lang=nb\" data-ra-target=\"_self\" class=\"ra-clickable-wrapper elementor-element elementor-element-527c6ee elementor-view-default elementor-position-block-start elementor-mobile-position-block-start elementor-widget elementor-widget-icon-box\" style=\"cursor:pointer;\" data-id=\"527c6ee\" data-element_type=\"widget\" data-e-type=\"widget\" data-widget_type=\"icon-box.default\">\n\t\t\t\t<div class=\"elementor-widget-container\">\n\t\t\t\t\t\t\t<div class=\"elementor-icon-box-wrapper\">\n\n\t\t\t\t\t\t<div class=\"elementor-icon-box-icon\">\n\t\t\t\t<a href=\"https:\/\/salmalytics.no\/?page_id=3273&#038;lang=nb\" class=\"elementor-icon\" tabindex=\"-1\" aria-label=\"\u00d8konomisk analyse\">\n\t\t\t\t<i aria-hidden=\"true\" class=\"fas fa-chart-bar\"><\/i>\t\t\t\t<\/a>\n\t\t\t<\/div>\n\t\t\t\n\t\t\t\t\t\t<div class=\"elementor-icon-box-content\">\n\n\t\t\t\t\t\t\t\t\t<h3 class=\"elementor-icon-box-title\">\n\t\t\t\t\t\t<a href=\"https:\/\/salmalytics.no\/?page_id=3273&#038;lang=nb\" >\n\t\t\t\t\t\t\t\u00d8konomisk analyse\t\t\t\t\t\t<\/a>\n\t\t\t\t\t<\/h3>\n\t\t\t\t\n\t\t\t\t\t\t\t\t\t<p class=\"elementor-icon-box-description\">\n\t\t\t\t\t\t<br>Skreddersydde \u00f8konomiske modeller og kost-nytte-analyser for \u00e5 st\u00f8tte beslutningstaking p\u00e5 omr\u00e5der som involverer biologisk produksjon.<br><br><br>Klikk for \u00e5 l\u00e6re mer.\t\t\t\t\t<\/p>\n\t\t\t\t\n\t\t\t<\/div>\n\t\t\t\n\t\t<\/div>\n\t\t\t\t\t\t<\/div>\n\t\t\t\t<\/div>\n\t\t\t\t\t<\/div>\n\t\t<\/div>\n\t\t\t\t<div class=\"elementor-column elementor-col-25 elementor-top-column elementor-element elementor-element-67b82eb6\" data-id=\"67b82eb6\" data-element_type=\"column\" data-e-type=\"column\">\n\t\t\t<div class=\"elementor-widget-wrap elementor-element-populated\">\n\t\t\t\t\t\t<div data-ra-url=\"https:\/\/salmalytics.no\/?page_id=3282&#038;lang=nb\" data-ra-target=\"_self\" class=\"ra-clickable-wrapper elementor-element elementor-element-41040abe elementor-view-default elementor-position-block-start elementor-mobile-position-block-start elementor-widget elementor-widget-icon-box\" style=\"cursor:pointer;\" data-id=\"41040abe\" data-element_type=\"widget\" data-e-type=\"widget\" data-widget_type=\"icon-box.default\">\n\t\t\t\t<div class=\"elementor-widget-container\">\n\t\t\t\t\t\t\t<div class=\"elementor-icon-box-wrapper\">\n\n\t\t\t\t\t\t<div class=\"elementor-icon-box-icon\">\n\t\t\t\t<a href=\"https:\/\/salmalytics.no\/?page_id=3282&#038;lang=nb\" class=\"elementor-icon\" tabindex=\"-1\" aria-label=\"Strategi og prosjektledelse\">\n\t\t\t\t<i aria-hidden=\"true\" class=\"far fa-compass\"><\/i>\t\t\t\t<\/a>\n\t\t\t<\/div>\n\t\t\t\n\t\t\t\t\t\t<div class=\"elementor-icon-box-content\">\n\n\t\t\t\t\t\t\t\t\t<h3 class=\"elementor-icon-box-title\">\n\t\t\t\t\t\t<a href=\"https:\/\/salmalytics.no\/?page_id=3282&#038;lang=nb\" >\n\t\t\t\t\t\t\tStrategi og prosjektledelse\t\t\t\t\t\t<\/a>\n\t\t\t\t\t<\/h3>\n\t\t\t\t\n\t\t\t\t\t\t\t\t\t<p class=\"elementor-icon-box-description\">\n\t\t\t\t\t\t<br>Utvikling, implementering og ledelse av strategier og prosjekter i din organisasjon.<br><br><br><br><br>Klikk for \u00e5 l\u00e6re mer.\t\t\t\t\t<\/p>\n\t\t\t\t\n\t\t\t<\/div>\n\t\t\t\n\t\t<\/div>\n\t\t\t\t\t\t<\/div>\n\t\t\t\t<\/div>\n\t\t\t\t\t<\/div>\n\t\t<\/div>\n\t\t\t\t<div class=\"elementor-column elementor-col-25 elementor-top-column elementor-element elementor-element-7a2c25c2\" data-id=\"7a2c25c2\" data-element_type=\"column\" data-e-type=\"column\">\n\t\t\t<div class=\"elementor-widget-wrap elementor-element-populated\">\n\t\t\t\t\t\t<div data-ra-url=\"https:\/\/salmalytics.no\/?page_id=4102&#038;lang=nb\" data-ra-target=\"_self\" class=\"ra-clickable-wrapper elementor-element elementor-element-6499aa66 elementor-view-default elementor-position-block-start elementor-mobile-position-block-start elementor-widget elementor-widget-icon-box\" style=\"cursor:pointer;\" data-id=\"6499aa66\" data-element_type=\"widget\" data-e-type=\"widget\" data-widget_type=\"icon-box.default\">\n\t\t\t\t<div class=\"elementor-widget-container\">\n\t\t\t\t\t\t\t<div class=\"elementor-icon-box-wrapper\">\n\n\t\t\t\t\t\t<div class=\"elementor-icon-box-icon\">\n\t\t\t\t<a href=\"https:\/\/salmalytics.no\/?page_id=4102&#038;lang=nb\" class=\"elementor-icon\" tabindex=\"-1\" aria-label=\"Litteraturgjennomgang og meta-analyser\">\n\t\t\t\t<i aria-hidden=\"true\" class=\"fas fa-book-reader\"><\/i>\t\t\t\t<\/a>\n\t\t\t<\/div>\n\t\t\t\n\t\t\t\t\t\t<div class=\"elementor-icon-box-content\">\n\n\t\t\t\t\t\t\t\t\t<h3 class=\"elementor-icon-box-title\">\n\t\t\t\t\t\t<a href=\"https:\/\/salmalytics.no\/?page_id=4102&#038;lang=nb\" >\n\t\t\t\t\t\t\tLitteraturgjennomgang og meta-analyser\t\t\t\t\t\t<\/a>\n\t\t\t\t\t<\/h3>\n\t\t\t\t\n\t\t\t\t\t\t\t\t\t<p class=\"elementor-icon-box-description\">\n\t\t\t\t\t\tVi samler, standardiserer og tolker resultater fra forskningsstudier, slik at de kan brukes som et p\u00e5litelig beslutningsgrunnlag.<br><br><br><br>Klikk for \u00e5 l\u00e6re mer.\n\t\t\t\t\t<\/p>\n\t\t\t\t\n\t\t\t<\/div>\n\t\t\t\n\t\t<\/div>\n\t\t\t\t\t\t<\/div>\n\t\t\t\t<\/div>\n\t\t\t\t\t<\/div>\n\t\t<\/div>\n\t\t\t\t\t<\/div>\n\t\t<\/section>\n\t\t\t\t<section data-pa-eq-height=\"{&quot;targetType&quot;:&quot;widget&quot;,&quot;target&quot;:[&quot;.elementor-widget-icon-box .elementor-widget-container&quot;],&quot;trigger&quot;:&quot;load&quot;,&quot;enableOn&quot;:[&quot;desktop&quot;,&quot;tablet&quot;,&quot;mobile&quot;]}\" class=\"elementor-section elementor-top-section elementor-element elementor-element-5aebd55 elementor-section-content-middle premium-equal-height-yes elementor-section-boxed elementor-section-height-default elementor-section-height-default\" data-id=\"5aebd55\" data-element_type=\"section\" data-e-type=\"section\" data-settings=\"{&quot;premium_eq_height_switcher&quot;:&quot;yes&quot;,&quot;premium_eq_height_target&quot;:[&quot;.elementor-widget-icon-box .elementor-widget-container&quot;]}\">\n\t\t\t\t\t\t<div class=\"elementor-container elementor-column-gap-default\">\n\t\t\t\t\t<div class=\"elementor-column elementor-col-25 elementor-top-column elementor-element elementor-element-a4a2409\" data-id=\"a4a2409\" data-element_type=\"column\" data-e-type=\"column\">\n\t\t\t<div class=\"elementor-widget-wrap elementor-element-populated\">\n\t\t\t\t\t\t<div data-ra-url=\"https:\/\/salmalytics.no\/?page_id=3291&#038;lang=nb\" data-ra-target=\"_self\" class=\"ra-clickable-wrapper elementor-element elementor-element-dbf310b elementor-view-default elementor-position-block-start elementor-mobile-position-block-start elementor-widget elementor-widget-icon-box\" style=\"cursor:pointer;\" data-id=\"dbf310b\" data-element_type=\"widget\" data-e-type=\"widget\" data-widget_type=\"icon-box.default\">\n\t\t\t\t<div class=\"elementor-widget-container\">\n\t\t\t\t\t\t\t<div class=\"elementor-icon-box-wrapper\">\n\n\t\t\t\t\t\t<div class=\"elementor-icon-box-icon\">\n\t\t\t\t<a href=\"https:\/\/salmalytics.no\/?page_id=3291&#038;lang=nb\" class=\"elementor-icon\" tabindex=\"-1\" aria-label=\"FoU for nye teknologier og produkter\">\n\t\t\t\t<i aria-hidden=\"true\" class=\"fas fa-atom\"><\/i>\t\t\t\t<\/a>\n\t\t\t<\/div>\n\t\t\t\n\t\t\t\t\t\t<div class=\"elementor-icon-box-content\">\n\n\t\t\t\t\t\t\t\t\t<h3 class=\"elementor-icon-box-title\">\n\t\t\t\t\t\t<a href=\"https:\/\/salmalytics.no\/?page_id=3291&#038;lang=nb\" >\n\t\t\t\t\t\t\tFoU for nye teknologier og produkter\t\t\t\t\t\t<\/a>\n\t\t\t\t\t<\/h3>\n\t\t\t\t\n\t\t\t\t\t\t\t\t\t<p class=\"elementor-icon-box-description\">\n\t\t\t\t\t\tSt\u00f8tte til utvikling og testing av nye produkter og teknologier. <br><br><br><br><br>Klikk for \u00e5 l\u00e6re mer.\t\t\t\t\t<\/p>\n\t\t\t\t\n\t\t\t<\/div>\n\t\t\t\n\t\t<\/div>\n\t\t\t\t\t\t<\/div>\n\t\t\t\t<\/div>\n\t\t\t\t\t<\/div>\n\t\t<\/div>\n\t\t\t\t<div class=\"elementor-column elementor-col-25 elementor-top-column elementor-element elementor-element-8a2c733\" data-id=\"8a2c733\" data-element_type=\"column\" data-e-type=\"column\">\n\t\t\t<div class=\"elementor-widget-wrap elementor-element-populated\">\n\t\t\t\t\t\t<div data-ra-url=\"https:\/\/salmalytics.no\/?page_id=3300&#038;lang=nb\" data-ra-target=\"_self\" class=\"ra-clickable-wrapper elementor-element elementor-element-4be771c elementor-view-default elementor-position-block-start elementor-mobile-position-block-start elementor-widget elementor-widget-icon-box\" style=\"cursor:pointer;\" data-id=\"4be771c\" data-element_type=\"widget\" data-e-type=\"widget\" data-widget_type=\"icon-box.default\">\n\t\t\t\t<div class=\"elementor-widget-container\">\n\t\t\t\t\t\t\t<div class=\"elementor-icon-box-wrapper\">\n\n\t\t\t\t\t\t<div class=\"elementor-icon-box-icon\">\n\t\t\t\t<a href=\"https:\/\/salmalytics.no\/?page_id=3300&#038;lang=nb\" class=\"elementor-icon\" tabindex=\"-1\" aria-label=\"Kliniske fors\u00f8k\">\n\t\t\t\t<i aria-hidden=\"true\" class=\"fas fa-microscope\"><\/i>\t\t\t\t<\/a>\n\t\t\t<\/div>\n\t\t\t\n\t\t\t\t\t\t<div class=\"elementor-icon-box-content\">\n\n\t\t\t\t\t\t\t\t\t<h3 class=\"elementor-icon-box-title\">\n\t\t\t\t\t\t<a href=\"https:\/\/salmalytics.no\/?page_id=3300&#038;lang=nb\" >\n\t\t\t\t\t\t\tKliniske fors\u00f8k\t\t\t\t\t\t<\/a>\n\t\t\t\t\t<\/h3>\n\t\t\t\t\n\t\t\t\t\t\t\t\t\t<p class=\"elementor-icon-box-description\">\n\t\t\t\t\t\t<br>Design og gjennomf\u00f8ring av studier i kontrollerte laboratoriemilj\u00f8 eller i feltforhold. <br><br><br><br>Klikk for \u00e5 l\u00e6re mer.\t\t\t\t\t<\/p>\n\t\t\t\t\n\t\t\t<\/div>\n\t\t\t\n\t\t<\/div>\n\t\t\t\t\t\t<\/div>\n\t\t\t\t<\/div>\n\t\t\t\t\t<\/div>\n\t\t<\/div>\n\t\t\t\t<div class=\"elementor-column elementor-col-25 elementor-top-column elementor-element elementor-element-b032aff\" data-id=\"b032aff\" data-element_type=\"column\" data-e-type=\"column\">\n\t\t\t<div class=\"elementor-widget-wrap elementor-element-populated\">\n\t\t\t\t\t\t<div data-ra-url=\"https:\/\/salmalytics.no\/?page_id=3309&#038;lang=nb\" data-ra-target=\"_self\" class=\"ra-clickable-wrapper elementor-element elementor-element-475bd92 elementor-view-default elementor-position-block-start elementor-mobile-position-block-start elementor-widget elementor-widget-icon-box\" style=\"cursor:pointer;\" data-id=\"475bd92\" data-element_type=\"widget\" data-e-type=\"widget\" data-widget_type=\"icon-box.default\">\n\t\t\t\t<div class=\"elementor-widget-container\">\n\t\t\t\t\t\t\t<div class=\"elementor-icon-box-wrapper\">\n\n\t\t\t\t\t\t<div class=\"elementor-icon-box-icon\">\n\t\t\t\t<a href=\"https:\/\/salmalytics.no\/?page_id=3309&#038;lang=nb\" class=\"elementor-icon\" tabindex=\"-1\" aria-label=\"F\u00f4rmonitorering\">\n\t\t\t\t<i aria-hidden=\"true\" class=\"fas fa-binoculars\"><\/i>\t\t\t\t<\/a>\n\t\t\t<\/div>\n\t\t\t\n\t\t\t\t\t\t<div class=\"elementor-icon-box-content\">\n\n\t\t\t\t\t\t\t\t\t<h3 class=\"elementor-icon-box-title\">\n\t\t\t\t\t\t<a href=\"https:\/\/salmalytics.no\/?page_id=3309&#038;lang=nb\" >\n\t\t\t\t\t\t\tF\u00f4rmonitorering\t\t\t\t\t\t<\/a>\n\t\t\t\t\t<\/h3>\n\t\t\t\t\n\t\t\t\t\t\t\t\t\t<p class=\"elementor-icon-box-description\">\n\t\t\t\t\t\t<br>Feltmonitorering av f\u00f4rets ford\u00f8yelighet og tilvekst.<br><br><br><br><br>Klikk for \u00e5 l\u00e6re mer.\t\t\t\t\t<\/p>\n\t\t\t\t\n\t\t\t<\/div>\n\t\t\t\n\t\t<\/div>\n\t\t\t\t\t\t<\/div>\n\t\t\t\t<\/div>\n\t\t\t\t\t<\/div>\n\t\t<\/div>\n\t\t\t\t<div class=\"elementor-column elementor-col-25 elementor-top-column elementor-element elementor-element-9c0f0f6\" data-id=\"9c0f0f6\" data-element_type=\"column\" data-e-type=\"column\">\n\t\t\t<div class=\"elementor-widget-wrap elementor-element-populated\">\n\t\t\t\t\t\t<div data-ra-url=\"https:\/\/salmalytics.no\/?page_id=3320&#038;lang=nb\" data-ra-target=\"_self\" class=\"ra-clickable-wrapper elementor-element elementor-element-072d13d elementor-view-default elementor-position-block-start elementor-mobile-position-block-start elementor-widget elementor-widget-icon-box\" style=\"cursor:pointer;\" data-id=\"072d13d\" data-element_type=\"widget\" data-e-type=\"widget\" data-widget_type=\"icon-box.default\">\n\t\t\t\t<div class=\"elementor-widget-container\">\n\t\t\t\t\t\t\t<div class=\"elementor-icon-box-wrapper\">\n\n\t\t\t\t\t\t<div class=\"elementor-icon-box-icon\">\n\t\t\t\t<a href=\"https:\/\/salmalytics.no\/?page_id=3320&#038;lang=nb\" class=\"elementor-icon\" tabindex=\"-1\" aria-label=\"Kurs\">\n\t\t\t\t<i aria-hidden=\"true\" class=\"fas fa-chalkboard-teacher\"><\/i>\t\t\t\t<\/a>\n\t\t\t<\/div>\n\t\t\t\n\t\t\t\t\t\t<div class=\"elementor-icon-box-content\">\n\n\t\t\t\t\t\t\t\t\t<h3 class=\"elementor-icon-box-title\">\n\t\t\t\t\t\t<a href=\"https:\/\/salmalytics.no\/?page_id=3320&#038;lang=nb\" >\n\t\t\t\t\t\t\tKurs\t\t\t\t\t\t<\/a>\n\t\t\t\t\t<\/h3>\n\t\t\t\t\n\t\t\t\t\t\t\t\t\t<p class=\"elementor-icon-box-description\">\n\t\t\t\t\t\t<br>Vi tilbyr forh\u00e5ndsdefinerte kurs, arrangerer kurs etter foresp\u00f8rsel, og holder foredrag p\u00e5 eksterne arrangementer.<br><br><br>Klikk for \u00e5 l\u00e6re mer.\t\t\t\t\t<\/p>\n\t\t\t\t\n\t\t\t<\/div>\n\t\t\t\n\t\t<\/div>\n\t\t\t\t\t\t<\/div>\n\t\t\t\t<\/div>\n\t\t\t\t\t<\/div>\n\t\t<\/div>\n\t\t\t\t\t<\/div>\n\t\t<\/section>\n\t\t\t\t<\/div>\n\t\t","protected":false},"excerpt":{"rendered":"<p>V\u00e5re tjenester Vi tilbyr et bredt spekter av tjenester innen flere omr\u00e5der. F\u00f8lg lenkene nedenfor for \u00e5 l\u00e6re mer om kategoriene innen v\u00e5r kjernekompetanse. Epidemiologi og dataanalyse Epidemiologiske og statistiske metoder for \u00e5 avdekke sammenhenger, \u00f8ke forst\u00e5elsen og veilede tiltak knyttet til fiskepopulasjoner. Klikk for \u00e5 l\u00e6re mer. \u00d8konomisk analyse Skreddersydde \u00f8konomiske modeller og kost-nytte-analyser [&hellip;]<\/p>\n","protected":false},"author":1,"featured_media":0,"parent":0,"menu_order":0,"comment_status":"closed","ping_status":"closed","template":"","meta":{"site-sidebar-layout":"no-sidebar","site-content-layout":"page-builder","ast-site-content-layout":"default","site-content-style":"default","site-sidebar-style":"default","ast-global-header-display":"","ast-banner-title-visibility":"","ast-main-header-display":"","ast-hfb-above-header-display":"","ast-hfb-below-header-display":"","ast-hfb-mobile-header-display":"","site-post-title":"disabled","ast-breadcrumbs-content":"","ast-featured-img":"disabled","footer-sml-layout":"","ast-disable-related-posts":"","theme-transparent-header-meta":"enabled","adv-header-id-meta":"","stick-header-meta":"","header-above-stick-meta":"","header-main-stick-meta":"","header-below-stick-meta":"","astra-migrate-meta-layouts":"default","ast-page-background-enabled":"default","ast-page-background-meta":{"desktop":{"background-color":"var(--ast-global-color-4)","background-image":"","background-repeat":"repeat","background-position":"center center","background-size":"auto","background-attachment":"scroll","background-type":"","background-media":"","overlay-type":"","overlay-color":"","overlay-opacity":"","overlay-gradient":""},"tablet":{"background-color":"","background-image":"","background-repeat":"repeat","background-position":"center center","background-size":"auto","background-attachment":"scroll","background-type":"","background-media":"","overlay-type":"","overlay-color":"","overlay-opacity":"","overlay-gradient":""},"mobile":{"background-color":"","background-image":"","background-repeat":"repeat","background-position":"center center","background-size":"auto","background-attachment":"scroll","background-type":"","background-media":"","overlay-type":"","overlay-color":"","overlay-opacity":"","overlay-gradient":""}},"ast-content-background-meta":{"desktop":{"background-color":"var(--ast-global-color-5)","background-image":"","background-repeat":"repeat","background-position":"center center","background-size":"auto","background-attachment":"scroll","background-type":"","background-media":"","overlay-type":"","overlay-color":"","overlay-opacity":"","overlay-gradient":""},"tablet":{"background-color":"var(--ast-global-color-5)","background-image":"","background-repeat":"repeat","background-position":"center center","background-size":"auto","background-attachment":"scroll","background-type":"","background-media":"","overlay-type":"","overlay-color":"","overlay-opacity":"","overlay-gradient":""},"mobile":{"background-color":"var(--ast-global-color-5)","background-image":"","background-repeat":"repeat","background-position":"center center","background-size":"auto","background-attachment":"scroll","background-type":"","background-media":"","overlay-type":"","overlay-color":"","overlay-opacity":"","overlay-gradient":""}},"footnotes":""},"class_list":["post-3240","page","type-page","status-publish","hentry"],"rttpg_featured_image_url":null,"rttpg_author":{"display_name":"admin","author_link":"https:\/\/salmalytics.no\/?author=1"},"rttpg_comment":0,"rttpg_category":" <a href=\"https:\/\/salmalytics.no\/?lang=nb\" rel=\"tag\">Norsk Bokm\u00e5l<\/a>","rttpg_excerpt":"V\u00e5re tjenester Vi tilbyr et bredt spekter av tjenester innen flere omr\u00e5der. F\u00f8lg lenkene nedenfor for \u00e5 l\u00e6re mer om kategoriene innen v\u00e5r kjernekompetanse. Epidemiologi og dataanalyse Epidemiologiske og statistiske metoder for \u00e5 avdekke sammenhenger, \u00f8ke forst\u00e5elsen og veilede tiltak knyttet til fiskepopulasjoner. Klikk for \u00e5 l\u00e6re mer. \u00d8konomisk analyse Skreddersydde \u00f8konomiske modeller og kost-nytte-analyser&hellip;","_links":{"self":[{"href":"https:\/\/salmalytics.no\/index.php?rest_route=\/wp\/v2\/pages\/3240","targetHints":{"allow":["GET"]}}],"collection":[{"href":"https:\/\/salmalytics.no\/index.php?rest_route=\/wp\/v2\/pages"}],"about":[{"href":"https:\/\/salmalytics.no\/index.php?rest_route=\/wp\/v2\/types\/page"}],"author":[{"embeddable":true,"href":"https:\/\/salmalytics.no\/index.php?rest_route=\/wp\/v2\/users\/1"}],"replies":[{"embeddable":true,"href":"https:\/\/salmalytics.no\/index.php?rest_route=%2Fwp%2Fv2%2Fcomments&post=3240"}],"version-history":[{"count":74,"href":"https:\/\/salmalytics.no\/index.php?rest_route=\/wp\/v2\/pages\/3240\/revisions"}],"predecessor-version":[{"id":4216,"href":"https:\/\/salmalytics.no\/index.php?rest_route=\/wp\/v2\/pages\/3240\/revisions\/4216"}],"wp:attachment":[{"href":"https:\/\/salmalytics.no\/index.php?rest_route=%2Fwp%2Fv2%2Fmedia&parent=3240"}],"curies":[{"name":"wp","href":"https:\/\/api.w.org\/{rel}","templated":true}]}}