{"id":3264,"date":"2024-08-21T13:18:33","date_gmt":"2024-08-21T13:18:33","guid":{"rendered":"https:\/\/salmalytics.no\/?page_id=3264"},"modified":"2025-06-25T07:48:17","modified_gmt":"2025-06-25T07:48:17","slug":"epidemiologisk-og-dataanalyse","status":"publish","type":"page","link":"https:\/\/salmalytics.no\/?page_id=3264&lang=nb","title":{"rendered":"Epidemiologisk- og dataanalyse"},"content":{"rendered":"\t\t<div data-elementor-type=\"wp-page\" data-elementor-id=\"3264\" class=\"elementor elementor-3264\">\n\t\t\t\t\t\t<section class=\"elementor-section elementor-top-section elementor-element elementor-element-51f7aa3b elementor-section-height-min-height elementor-section-boxed elementor-section-height-default elementor-section-items-middle\" data-id=\"51f7aa3b\" data-element_type=\"section\" data-e-type=\"section\" data-settings=\"{&quot;background_background&quot;:&quot;classic&quot;}\">\n\t\t\t\t\t\t\t<div class=\"elementor-background-overlay\"><\/div>\n\t\t\t\t\t\t\t<div class=\"elementor-container elementor-column-gap-default\">\n\t\t\t\t\t<div class=\"elementor-column elementor-col-100 elementor-top-column elementor-element elementor-element-75405c0\" data-id=\"75405c0\" data-element_type=\"column\" data-e-type=\"column\">\n\t\t\t<div class=\"elementor-widget-wrap elementor-element-populated\">\n\t\t\t\t\t\t<div class=\"elementor-element elementor-element-f9c6bbf elementor-widget elementor-widget-heading\" data-id=\"f9c6bbf\" data-element_type=\"widget\" data-e-type=\"widget\" data-widget_type=\"heading.default\">\n\t\t\t\t<div class=\"elementor-widget-container\">\n\t\t\t\t\t<h1 class=\"elementor-heading-title elementor-size-default\">Epidemiologi og dataanalyse<\/h1>\t\t\t\t<\/div>\n\t\t\t\t<\/div>\n\t\t\t\t\t<\/div>\n\t\t<\/div>\n\t\t\t\t\t<\/div>\n\t\t<\/section>\n\t\t\t\t<section class=\"elementor-section elementor-top-section elementor-element elementor-element-455784f2 elementor-section-boxed elementor-section-height-default elementor-section-height-default\" data-id=\"455784f2\" data-element_type=\"section\" data-e-type=\"section\">\n\t\t\t\t\t\t<div class=\"elementor-container elementor-column-gap-default\">\n\t\t\t\t\t<div class=\"elementor-column elementor-col-100 elementor-top-column elementor-element elementor-element-f18e410\" data-id=\"f18e410\" data-element_type=\"column\" data-e-type=\"column\">\n\t\t\t<div class=\"elementor-widget-wrap elementor-element-populated\">\n\t\t\t\t\t\t<div class=\"elementor-element elementor-element-7e92d635 elementor-widget elementor-widget-text-editor\" data-id=\"7e92d635\" data-element_type=\"widget\" data-e-type=\"widget\" data-widget_type=\"text-editor.default\">\n\t\t\t\t<div class=\"elementor-widget-container\">\n\t\t\t\t\t\t\t\t\t<p>Epidemiologi har som m\u00e5l \u00e5 avdekke sammenhenger, \u00f8ke forst\u00e5elsen og veilede tiltak som ber\u00f8rer hele populasjoner. V\u00e5rt team har bred erfaring med \u00e5 gjennomf\u00f8re studier som bruker epidemiologiske metoder, dataanalyse og modelleringsverkt\u00f8y. Vi benytter disse metodene for \u00e5 gi innsikt og fremme l\u00f8sninger p\u00e5 spesifikke utfordringer innen havbruk.\u00a0<\/p><p>\u00a0<\/p><p>Havbruksn\u00e6ringen genererer store mengder data gjennom produksjonsstyringssystemer. Selv om denne informasjonen gir verdifulle innblikk i hvordan produksjonen kan forbedres, er det ogs\u00e5 risiko for \u00e5 feiltolke risikofaktorer og sammenhenger. Gode studieoppsett og egnede statistiske metoder er avgj\u00f8rende for \u00e5 h\u00e5ndtere datastruktur og konfunderende variabler. V\u00e5re analyser avdekker variasjonskilder og identifiserer sentrale risikofaktorer, noe som gir dypere forst\u00e5else og kan bidra til \u00e5 l\u00f8se produksjonsutfordringer.<\/p>\t\t\t\t\t\t\t\t<\/div>\n\t\t\t\t<\/div>\n\t\t\t\t<div class=\"elementor-element elementor-element-13e18528 elementor-widget-divider--view-line elementor-widget elementor-widget-divider\" data-id=\"13e18528\" data-element_type=\"widget\" data-e-type=\"widget\" data-widget_type=\"divider.default\">\n\t\t\t\t<div class=\"elementor-widget-container\">\n\t\t\t\t\t\t\t<div class=\"elementor-divider\">\n\t\t\t<span class=\"elementor-divider-separator\">\n\t\t\t\t\t\t<\/span>\n\t\t<\/div>\n\t\t\t\t\t\t<\/div>\n\t\t\t\t<\/div>\n\t\t\t\t\t<\/div>\n\t\t<\/div>\n\t\t\t\t\t<\/div>\n\t\t<\/section>\n\t\t\t\t<section class=\"elementor-section elementor-top-section elementor-element elementor-element-5ee08ae8 elementor-section-boxed elementor-section-height-default elementor-section-height-default\" data-id=\"5ee08ae8\" data-element_type=\"section\" data-e-type=\"section\">\n\t\t\t\t\t\t<div class=\"elementor-container elementor-column-gap-default\">\n\t\t\t\t\t<div class=\"elementor-column elementor-col-50 elementor-top-column elementor-element elementor-element-6d454bde\" data-id=\"6d454bde\" data-element_type=\"column\" data-e-type=\"column\">\n\t\t\t<div class=\"elementor-widget-wrap elementor-element-populated\">\n\t\t\t\t\t\t<div class=\"elementor-element elementor-element-412faaeb elementor-widget elementor-widget-heading\" data-id=\"412faaeb\" data-element_type=\"widget\" data-e-type=\"widget\" data-widget_type=\"heading.default\">\n\t\t\t\t<div class=\"elementor-widget-container\">\n\t\t\t\t\t<h2 class=\"elementor-heading-title elementor-size-medium\">Tidligere arbeid:<\/h2>\t\t\t\t<\/div>\n\t\t\t\t<\/div>\n\t\t\t\t<div data-ra-url=\"https:\/\/pubmed.ncbi.nlm.nih.gov\/34402092\/\" data-ra-target=\"_self\" class=\"ra-clickable-wrapper elementor-element elementor-element-1e52cd8e elementor-widget elementor-widget-text-editor\" style=\"cursor:pointer;\" data-id=\"1e52cd8e\" data-element_type=\"widget\" data-e-type=\"widget\" data-widget_type=\"text-editor.default\">\n\t\t\t\t<div class=\"elementor-widget-container\">\n\t\t\t\t\t\t\t\t\t<ul><li><p>Aunsmo, S. \u00d8vretveit, O. Breck, P.S. Valle, R.B. Larssen, M. Sandberg, 2009. Modelling sources of variation and risk factors for spinal deformity in farmed Atlantic salmon using hierarchical and cross-classified multilevel models. Preventive Veterinary Medicine 90: 137-145.<\/p><\/li><\/ul>\t\t\t\t\t\t\t\t<\/div>\n\t\t\t\t<\/div>\n\t\t\t\t\t<\/div>\n\t\t<\/div>\n\t\t\t\t<div class=\"elementor-column elementor-col-50 elementor-top-column elementor-element elementor-element-7737563d\" data-id=\"7737563d\" data-element_type=\"column\" data-e-type=\"column\">\n\t\t\t<div class=\"elementor-widget-wrap elementor-element-populated\">\n\t\t\t\t\t\t<div class=\"elementor-element elementor-element-400f4f97 elementor-widget elementor-widget-image\" data-id=\"400f4f97\" data-element_type=\"widget\" data-e-type=\"widget\" data-widget_type=\"image.default\">\n\t\t\t\t<div class=\"elementor-widget-container\">\n\t\t\t\t\t\t\t\t\t\t\t\t\t\t\t<img fetchpriority=\"high\" decoding=\"async\" width=\"618\" height=\"275\" src=\"https:\/\/salmalytics.no\/wp-content\/uploads\/2024\/08\/Bilde5.png\" class=\"attachment-large size-large wp-image-3148\" alt=\"\" srcset=\"https:\/\/salmalytics.no\/wp-content\/uploads\/2024\/08\/Bilde5.png 618w, https:\/\/salmalytics.no\/wp-content\/uploads\/2024\/08\/Bilde5-300x133.png 300w\" sizes=\"(max-width: 618px) 100vw, 618px\" \/>\t\t\t\t\t\t\t\t\t\t\t\t\t\t\t<\/div>\n\t\t\t\t<\/div>\n\t\t\t\t\t<\/div>\n\t\t<\/div>\n\t\t\t\t\t<\/div>\n\t\t<\/section>\n\t\t\t\t<\/div>\n\t\t","protected":false},"excerpt":{"rendered":"<p>Epidemiologi og dataanalyse Epidemiologi har som m\u00e5l \u00e5 avdekke sammenhenger, \u00f8ke forst\u00e5elsen og veilede tiltak som ber\u00f8rer hele populasjoner. V\u00e5rt team har bred erfaring med \u00e5 gjennomf\u00f8re studier som bruker epidemiologiske metoder, dataanalyse og modelleringsverkt\u00f8y. Vi benytter disse metodene for \u00e5 gi innsikt og fremme l\u00f8sninger p\u00e5 spesifikke utfordringer innen havbruk.\u00a0 \u00a0 Havbruksn\u00e6ringen genererer store [&hellip;]<\/p>\n","protected":false},"author":1,"featured_media":0,"parent":0,"menu_order":0,"comment_status":"closed","ping_status":"closed","template":"","meta":{"site-sidebar-layout":"no-sidebar","site-content-layout":"page-builder","ast-site-content-layout":"default","site-content-style":"default","site-sidebar-style":"default","ast-global-header-display":"","ast-banner-title-visibility":"","ast-main-header-display":"","ast-hfb-above-header-display":"","ast-hfb-below-header-display":"","ast-hfb-mobile-header-display":"","site-post-title":"disabled","ast-breadcrumbs-content":"","ast-featured-img":"disabled","footer-sml-layout":"","ast-disable-related-posts":"","theme-transparent-header-meta":"enabled","adv-header-id-meta":"","stick-header-meta":"","header-above-stick-meta":"","header-main-stick-meta":"","header-below-stick-meta":"","astra-migrate-meta-layouts":"default","ast-page-background-enabled":"default","ast-page-background-meta":{"desktop":{"background-color":"var(--ast-global-color-4)","background-image":"","background-repeat":"repeat","background-position":"center center","background-size":"auto","background-attachment":"scroll","background-type":"","background-media":"","overlay-type":"","overlay-color":"","overlay-opacity":"","overlay-gradient":""},"tablet":{"background-color":"","background-image":"","background-repeat":"repeat","background-position":"center center","background-size":"auto","background-attachment":"scroll","background-type":"","background-media":"","overlay-type":"","overlay-color":"","overlay-opacity":"","overlay-gradient":""},"mobile":{"background-color":"","background-image":"","background-repeat":"repeat","background-position":"center center","background-size":"auto","background-attachment":"scroll","background-type":"","background-media":"","overlay-type":"","overlay-color":"","overlay-opacity":"","overlay-gradient":""}},"ast-content-background-meta":{"desktop":{"background-color":"var(--ast-global-color-5)","background-image":"","background-repeat":"repeat","background-position":"center center","background-size":"auto","background-attachment":"scroll","background-type":"","background-media":"","overlay-type":"","overlay-color":"","overlay-opacity":"","overlay-gradient":""},"tablet":{"background-color":"var(--ast-global-color-5)","background-image":"","background-repeat":"repeat","background-position":"center center","background-size":"auto","background-attachment":"scroll","background-type":"","background-media":"","overlay-type":"","overlay-color":"","overlay-opacity":"","overlay-gradient":""},"mobile":{"background-color":"var(--ast-global-color-5)","background-image":"","background-repeat":"repeat","background-position":"center center","background-size":"auto","background-attachment":"scroll","background-type":"","background-media":"","overlay-type":"","overlay-color":"","overlay-opacity":"","overlay-gradient":""}},"footnotes":""},"class_list":["post-3264","page","type-page","status-publish","hentry"],"rttpg_featured_image_url":null,"rttpg_author":{"display_name":"admin","author_link":"https:\/\/salmalytics.no\/?author=1"},"rttpg_comment":0,"rttpg_category":" <a href=\"https:\/\/salmalytics.no\/?lang=nb\" rel=\"tag\">Norsk Bokm\u00e5l<\/a>","rttpg_excerpt":"Epidemiologi og dataanalyse Epidemiologi har som m\u00e5l \u00e5 avdekke sammenhenger, \u00f8ke forst\u00e5elsen og veilede tiltak som ber\u00f8rer hele populasjoner. V\u00e5rt team har bred erfaring med \u00e5 gjennomf\u00f8re studier som bruker epidemiologiske metoder, dataanalyse og modelleringsverkt\u00f8y. Vi benytter disse metodene for \u00e5 gi innsikt og fremme l\u00f8sninger p\u00e5 spesifikke utfordringer innen havbruk.\u00a0 \u00a0 Havbruksn\u00e6ringen genererer store&hellip;","_links":{"self":[{"href":"https:\/\/salmalytics.no\/index.php?rest_route=\/wp\/v2\/pages\/3264","targetHints":{"allow":["GET"]}}],"collection":[{"href":"https:\/\/salmalytics.no\/index.php?rest_route=\/wp\/v2\/pages"}],"about":[{"href":"https:\/\/salmalytics.no\/index.php?rest_route=\/wp\/v2\/types\/page"}],"author":[{"embeddable":true,"href":"https:\/\/salmalytics.no\/index.php?rest_route=\/wp\/v2\/users\/1"}],"replies":[{"embeddable":true,"href":"https:\/\/salmalytics.no\/index.php?rest_route=%2Fwp%2Fv2%2Fcomments&post=3264"}],"version-history":[{"count":16,"href":"https:\/\/salmalytics.no\/index.php?rest_route=\/wp\/v2\/pages\/3264\/revisions"}],"predecessor-version":[{"id":4019,"href":"https:\/\/salmalytics.no\/index.php?rest_route=\/wp\/v2\/pages\/3264\/revisions\/4019"}],"wp:attachment":[{"href":"https:\/\/salmalytics.no\/index.php?rest_route=%2Fwp%2Fv2%2Fmedia&parent=3264"}],"curies":[{"name":"wp","href":"https:\/\/api.w.org\/{rel}","templated":true}]}}