{"id":3273,"date":"2024-08-21T13:20:11","date_gmt":"2024-08-21T13:20:11","guid":{"rendered":"https:\/\/salmalytics.no\/?page_id=3273"},"modified":"2025-06-25T07:48:55","modified_gmt":"2025-06-25T07:48:55","slug":"okonomisk-analyse","status":"publish","type":"page","link":"https:\/\/salmalytics.no\/?page_id=3273&lang=nb","title":{"rendered":"\u00d8konomisk analyse"},"content":{"rendered":"\t\t<div data-elementor-type=\"wp-page\" data-elementor-id=\"3273\" class=\"elementor elementor-3273\">\n\t\t\t\t\t\t<section class=\"elementor-section elementor-top-section elementor-element elementor-element-3f971299 elementor-section-height-min-height elementor-section-boxed elementor-section-height-default elementor-section-items-middle\" data-id=\"3f971299\" data-element_type=\"section\" data-e-type=\"section\" data-settings=\"{&quot;background_background&quot;:&quot;classic&quot;}\">\n\t\t\t\t\t\t\t<div class=\"elementor-background-overlay\"><\/div>\n\t\t\t\t\t\t\t<div class=\"elementor-container elementor-column-gap-default\">\n\t\t\t\t\t<div class=\"elementor-column elementor-col-100 elementor-top-column elementor-element elementor-element-290812cd\" data-id=\"290812cd\" data-element_type=\"column\" data-e-type=\"column\">\n\t\t\t<div class=\"elementor-widget-wrap elementor-element-populated\">\n\t\t\t\t\t\t<div class=\"elementor-element elementor-element-53193531 elementor-widget elementor-widget-heading\" data-id=\"53193531\" data-element_type=\"widget\" data-e-type=\"widget\" data-widget_type=\"heading.default\">\n\t\t\t\t<div class=\"elementor-widget-container\">\n\t\t\t\t\t<h1 class=\"elementor-heading-title elementor-size-default\">\u00d8konomisk analyse<\/h1>\t\t\t\t<\/div>\n\t\t\t\t<\/div>\n\t\t\t\t\t<\/div>\n\t\t<\/div>\n\t\t\t\t\t<\/div>\n\t\t<\/section>\n\t\t\t\t<section class=\"elementor-section elementor-top-section elementor-element elementor-element-140668c4 elementor-section-boxed elementor-section-height-default elementor-section-height-default\" data-id=\"140668c4\" data-element_type=\"section\" data-e-type=\"section\">\n\t\t\t\t\t\t<div class=\"elementor-container elementor-column-gap-default\">\n\t\t\t\t\t<div class=\"elementor-column elementor-col-100 elementor-top-column elementor-element elementor-element-57407810\" data-id=\"57407810\" data-element_type=\"column\" data-e-type=\"column\">\n\t\t\t<div class=\"elementor-widget-wrap elementor-element-populated\">\n\t\t\t\t\t\t<div class=\"elementor-element elementor-element-5f6c45ed elementor-widget elementor-widget-text-editor\" data-id=\"5f6c45ed\" data-element_type=\"widget\" data-e-type=\"widget\" data-widget_type=\"text-editor.default\">\n\t\t\t\t<div class=\"elementor-widget-container\">\n\t\t\t\t\t\t\t\t\t<p>Produksjon av laksefisk inneb\u00e6rer storskala operasjoner med betydelig \u00f8konomisk verdi. Forst\u00e5elsen av den \u00f8konomiske effekten av optimalisert produksjon, sykdomskostnader og ulike tiltak er avgj\u00f8rende. V\u00e5re tjenester innen \u00f8konomisk analyse inkluderer bruk av tilpassede modeller for vurderer effektene og bieffektene av ulike intervensjoner, evaluerer deres kost-nytte-forhold og identifiserer omr\u00e5der med h\u00f8yest avkastning. Ved \u00e5 bruke velpr\u00f8vde metoder og modeller for \u00e5 simulere produksjonsscenarioer, hjelper vi deg med \u00e5 ta informerte beslutninger og optimalisere ressursutnyttelsen.<\/p><p>\u00a0<\/p>\t\t\t\t\t\t\t\t<\/div>\n\t\t\t\t<\/div>\n\t\t\t\t<div class=\"elementor-element elementor-element-5c9c3cd3 elementor-widget-divider--view-line elementor-widget elementor-widget-divider\" data-id=\"5c9c3cd3\" data-element_type=\"widget\" data-e-type=\"widget\" data-widget_type=\"divider.default\">\n\t\t\t\t<div class=\"elementor-widget-container\">\n\t\t\t\t\t\t\t<div class=\"elementor-divider\">\n\t\t\t<span class=\"elementor-divider-separator\">\n\t\t\t\t\t\t<\/span>\n\t\t<\/div>\n\t\t\t\t\t\t<\/div>\n\t\t\t\t<\/div>\n\t\t\t\t\t<\/div>\n\t\t<\/div>\n\t\t\t\t\t<\/div>\n\t\t<\/section>\n\t\t\t\t<section class=\"elementor-section elementor-top-section elementor-element elementor-element-41f54e46 elementor-section-boxed elementor-section-height-default elementor-section-height-default\" data-id=\"41f54e46\" data-element_type=\"section\" data-e-type=\"section\">\n\t\t\t\t\t\t<div class=\"elementor-container elementor-column-gap-default\">\n\t\t\t\t\t<div class=\"elementor-column elementor-col-50 elementor-top-column elementor-element elementor-element-11e9149b\" data-id=\"11e9149b\" data-element_type=\"column\" data-e-type=\"column\">\n\t\t\t<div class=\"elementor-widget-wrap elementor-element-populated\">\n\t\t\t\t\t\t<div class=\"elementor-element elementor-element-1bc7db43 elementor-widget elementor-widget-heading\" data-id=\"1bc7db43\" data-element_type=\"widget\" data-e-type=\"widget\" data-widget_type=\"heading.default\">\n\t\t\t\t<div class=\"elementor-widget-container\">\n\t\t\t\t\t<h2 class=\"elementor-heading-title elementor-size-medium\">Tidligere arbeid:<\/h2>\t\t\t\t<\/div>\n\t\t\t\t<\/div>\n\t\t\t\t<div class=\"elementor-element elementor-element-37d1d60 elementor-widget elementor-widget-text-editor\" data-id=\"37d1d60\" data-element_type=\"widget\" data-e-type=\"widget\" data-widget_type=\"text-editor.default\">\n\t\t\t\t<div class=\"elementor-widget-container\">\n\t\t\t\t\t\t\t\t\t<ul><li>Drange K., Midtlyng P.J., Aunsmo A. 2019. Kost-nytte vurderinger ved bruk av skj\u00f8rt og Midt-norsk ring. FHF prosjekt 901453.<\/li><li>Aunsmo A., Persson D., Midtlyng P., Jansen M.D. 2018 Kost-nytte vurderinger i kontroll av PD. Fagrapport Norges milj\u00f8- og biovitenskapelige universitet. ISSN: 978-82-575-1765-6.<\/li><li>Pettersen, J.M., Rich, K.M., Jensen, B.B., Aunsmo, A., 2015. The economic benefits of disease triggered early harvest: A case study of pancreas disease in farmed Atlantic salmon from Norway. Prev. Med. 121, 314-324.<\/li><li>Aunsmo, P.S. Valle, M. Sandberg, P.J. Midtlyng, T. Bruheim, 2010. Stochastic modelling of direct costs of pancreas disease (PD) in Norwegian farmed Atlantic salmon (Salmo salar L). Preventive Veterinary Medicine 93: 233-241.<\/li><li data-leveltext=\"o\" data-font=\"Courier New\" data-listid=\"14\" data-list-defn-props=\"{&quot;335552541&quot;:1,&quot;335559685&quot;:1440,&quot;335559991&quot;:360,&quot;469769226&quot;:&quot;Courier New&quot;,&quot;469769242&quot;:[9675],&quot;469777803&quot;:&quot;left&quot;,&quot;469777804&quot;:&quot;o&quot;,&quot;469777815&quot;:&quot;hybridMultilevel&quot;}\" aria-setsize=\"-1\" data-aria-posinset=\"5\" data-aria-level=\"2\"><span data-contrast=\"auto\">Pettersen JM, Jansen M, Pettersen JH, Aunsmo A. 2018. Effekter p\u00e5 matfiskproduksjon og kostnader av SAV2 i Midt-Norge 2013-2016. <\/span><span data-contrast=\"auto\">FHF prosjekt 901005.\u00a0 https:\/\/www.fhf.no\/prosjekter\/prosjektbasen\/901005\/<\/span><span data-ccp-props=\"{&quot;201341983&quot;:0,&quot;335559739&quot;:160,&quot;335559740&quot;:259}\">\u00a0<\/span><\/li><\/ul>\t\t\t\t\t\t\t\t<\/div>\n\t\t\t\t<\/div>\n\t\t\t\t\t<\/div>\n\t\t<\/div>\n\t\t\t\t<div class=\"elementor-column elementor-col-50 elementor-top-column elementor-element elementor-element-6d262f9a\" data-id=\"6d262f9a\" data-element_type=\"column\" data-e-type=\"column\">\n\t\t\t<div class=\"elementor-widget-wrap elementor-element-populated\">\n\t\t\t\t\t\t<div class=\"elementor-element elementor-element-5bbb5b43 elementor-widget elementor-widget-image\" data-id=\"5bbb5b43\" data-element_type=\"widget\" data-e-type=\"widget\" data-widget_type=\"image.default\">\n\t\t\t\t<div class=\"elementor-widget-container\">\n\t\t\t\t\t\t\t\t\t\t\t\t<figure class=\"wp-caption\">\n\t\t\t\t\t\t\t\t\t\t<img fetchpriority=\"high\" decoding=\"async\" width=\"325\" height=\"240\" src=\"https:\/\/salmalytics.no\/wp-content\/uploads\/2024\/08\/figurfiskok1.png\" class=\"attachment-large size-large wp-image-2225\" alt=\"\" srcset=\"https:\/\/salmalytics.no\/wp-content\/uploads\/2024\/08\/figurfiskok1.png 325w, https:\/\/salmalytics.no\/wp-content\/uploads\/2024\/08\/figurfiskok1-300x222.png 300w\" sizes=\"(max-width: 325px) 100vw, 325px\" \/>\t\t\t\t\t\t\t\t\t\t\t<figcaption class=\"widget-image-caption wp-caption-text\"> The loss-expenditure frontier due to disease in animal production systems (Gilbert et al., 2024 (adapted from McInerney et al., 1992)).<\/figcaption>\n\t\t\t\t\t\t\t\t\t\t<\/figure>\n\t\t\t\t\t\t\t\t\t<\/div>\n\t\t\t\t<\/div>\n\t\t\t\t<div class=\"elementor-element elementor-element-6ecbf494 elementor-widget elementor-widget-image\" data-id=\"6ecbf494\" data-element_type=\"widget\" data-e-type=\"widget\" data-widget_type=\"image.default\">\n\t\t\t\t<div class=\"elementor-widget-container\">\n\t\t\t\t\t\t\t\t\t\t\t\t<figure class=\"wp-caption\">\n\t\t\t\t\t\t\t\t\t\t<img decoding=\"async\" width=\"834\" height=\"440\" src=\"https:\/\/salmalytics.no\/wp-content\/uploads\/2024\/08\/figurfiskok2.jpg\" class=\"attachment-large size-large wp-image-2224\" alt=\"\" srcset=\"https:\/\/salmalytics.no\/wp-content\/uploads\/2024\/08\/figurfiskok2.jpg 834w, https:\/\/salmalytics.no\/wp-content\/uploads\/2024\/08\/figurfiskok2-300x158.jpg 300w, https:\/\/salmalytics.no\/wp-content\/uploads\/2024\/08\/figurfiskok2-768x405.jpg 768w\" sizes=\"(max-width: 834px) 100vw, 834px\" \/>\t\t\t\t\t\t\t\t\t\t\t<figcaption class=\"widget-image-caption wp-caption-text\">Schematic illustration of the categories of biological losses in production<\/figcaption>\n\t\t\t\t\t\t\t\t\t\t<\/figure>\n\t\t\t\t\t\t\t\t\t<\/div>\n\t\t\t\t<\/div>\n\t\t\t\t\t<\/div>\n\t\t<\/div>\n\t\t\t\t\t<\/div>\n\t\t<\/section>\n\t\t\t\t<\/div>\n\t\t","protected":false},"excerpt":{"rendered":"<p>\u00d8konomisk analyse Produksjon av laksefisk inneb\u00e6rer storskala operasjoner med betydelig \u00f8konomisk verdi. Forst\u00e5elsen av den \u00f8konomiske effekten av optimalisert produksjon, sykdomskostnader og ulike tiltak er avgj\u00f8rende. V\u00e5re tjenester innen \u00f8konomisk analyse inkluderer bruk av tilpassede modeller for vurderer effektene og bieffektene av ulike intervensjoner, evaluerer deres kost-nytte-forhold og identifiserer omr\u00e5der med h\u00f8yest avkastning. Ved \u00e5 [&hellip;]<\/p>\n","protected":false},"author":1,"featured_media":0,"parent":0,"menu_order":0,"comment_status":"closed","ping_status":"closed","template":"","meta":{"site-sidebar-layout":"no-sidebar","site-content-layout":"page-builder","ast-site-content-layout":"default","site-content-style":"default","site-sidebar-style":"default","ast-global-header-display":"","ast-banner-title-visibility":"","ast-main-header-display":"","ast-hfb-above-header-display":"","ast-hfb-below-header-display":"","ast-hfb-mobile-header-display":"","site-post-title":"disabled","ast-breadcrumbs-content":"","ast-featured-img":"disabled","footer-sml-layout":"","ast-disable-related-posts":"","theme-transparent-header-meta":"enabled","adv-header-id-meta":"","stick-header-meta":"","header-above-stick-meta":"","header-main-stick-meta":"","header-below-stick-meta":"","astra-migrate-meta-layouts":"default","ast-page-background-enabled":"default","ast-page-background-meta":{"desktop":{"background-color":"var(--ast-global-color-4)","background-image":"","background-repeat":"repeat","background-position":"center center","background-size":"auto","background-attachment":"scroll","background-type":"","background-media":"","overlay-type":"","overlay-color":"","overlay-opacity":"","overlay-gradient":""},"tablet":{"background-color":"","background-image":"","background-repeat":"repeat","background-position":"center center","background-size":"auto","background-attachment":"scroll","background-type":"","background-media":"","overlay-type":"","overlay-color":"","overlay-opacity":"","overlay-gradient":""},"mobile":{"background-color":"","background-image":"","background-repeat":"repeat","background-position":"center center","background-size":"auto","background-attachment":"scroll","background-type":"","background-media":"","overlay-type":"","overlay-color":"","overlay-opacity":"","overlay-gradient":""}},"ast-content-background-meta":{"desktop":{"background-color":"var(--ast-global-color-5)","background-image":"","background-repeat":"repeat","background-position":"center center","background-size":"auto","background-attachment":"scroll","background-type":"","background-media":"","overlay-type":"","overlay-color":"","overlay-opacity":"","overlay-gradient":""},"tablet":{"background-color":"var(--ast-global-color-5)","background-image":"","background-repeat":"repeat","background-position":"center center","background-size":"auto","background-attachment":"scroll","background-type":"","background-media":"","overlay-type":"","overlay-color":"","overlay-opacity":"","overlay-gradient":""},"mobile":{"background-color":"var(--ast-global-color-5)","background-image":"","background-repeat":"repeat","background-position":"center center","background-size":"auto","background-attachment":"scroll","background-type":"","background-media":"","overlay-type":"","overlay-color":"","overlay-opacity":"","overlay-gradient":""}},"footnotes":""},"class_list":["post-3273","page","type-page","status-publish","hentry"],"rttpg_featured_image_url":null,"rttpg_author":{"display_name":"admin","author_link":"https:\/\/salmalytics.no\/?author=1"},"rttpg_comment":0,"rttpg_category":" <a href=\"https:\/\/salmalytics.no\/?lang=nb\" rel=\"tag\">Norsk Bokm\u00e5l<\/a>","rttpg_excerpt":"\u00d8konomisk analyse Produksjon av laksefisk inneb\u00e6rer storskala operasjoner med betydelig \u00f8konomisk verdi. Forst\u00e5elsen av den \u00f8konomiske effekten av optimalisert produksjon, sykdomskostnader og ulike tiltak er avgj\u00f8rende. V\u00e5re tjenester innen \u00f8konomisk analyse inkluderer bruk av tilpassede modeller for vurderer effektene og bieffektene av ulike intervensjoner, evaluerer deres kost-nytte-forhold og identifiserer omr\u00e5der med h\u00f8yest avkastning. Ved \u00e5&hellip;","_links":{"self":[{"href":"https:\/\/salmalytics.no\/index.php?rest_route=\/wp\/v2\/pages\/3273","targetHints":{"allow":["GET"]}}],"collection":[{"href":"https:\/\/salmalytics.no\/index.php?rest_route=\/wp\/v2\/pages"}],"about":[{"href":"https:\/\/salmalytics.no\/index.php?rest_route=\/wp\/v2\/types\/page"}],"author":[{"embeddable":true,"href":"https:\/\/salmalytics.no\/index.php?rest_route=\/wp\/v2\/users\/1"}],"replies":[{"embeddable":true,"href":"https:\/\/salmalytics.no\/index.php?rest_route=%2Fwp%2Fv2%2Fcomments&post=3273"}],"version-history":[{"count":22,"href":"https:\/\/salmalytics.no\/index.php?rest_route=\/wp\/v2\/pages\/3273\/revisions"}],"predecessor-version":[{"id":4022,"href":"https:\/\/salmalytics.no\/index.php?rest_route=\/wp\/v2\/pages\/3273\/revisions\/4022"}],"wp:attachment":[{"href":"https:\/\/salmalytics.no\/index.php?rest_route=%2Fwp%2Fv2%2Fmedia&parent=3273"}],"curies":[{"name":"wp","href":"https:\/\/api.w.org\/{rel}","templated":true}]}}