{"id":3282,"date":"2024-08-21T13:21:28","date_gmt":"2024-08-21T13:21:28","guid":{"rendered":"https:\/\/salmalytics.no\/?page_id=3282"},"modified":"2025-06-25T07:50:44","modified_gmt":"2025-06-25T07:50:44","slug":"strategi-og-prosjektledelse","status":"publish","type":"page","link":"https:\/\/salmalytics.no\/?page_id=3282&lang=nb","title":{"rendered":"Strategi og prosjektledelse"},"content":{"rendered":"\t\t<div data-elementor-type=\"wp-page\" data-elementor-id=\"3282\" class=\"elementor elementor-3282\">\n\t\t\t\t\t\t<section class=\"elementor-section elementor-top-section elementor-element elementor-element-62cde491 elementor-section-height-min-height elementor-section-boxed elementor-section-height-default elementor-section-items-middle\" data-id=\"62cde491\" data-element_type=\"section\" data-e-type=\"section\" data-settings=\"{&quot;background_background&quot;:&quot;classic&quot;}\">\n\t\t\t\t\t\t\t<div class=\"elementor-background-overlay\"><\/div>\n\t\t\t\t\t\t\t<div class=\"elementor-container elementor-column-gap-default\">\n\t\t\t\t\t<div class=\"elementor-column elementor-col-100 elementor-top-column elementor-element elementor-element-6dc92f95\" data-id=\"6dc92f95\" data-element_type=\"column\" data-e-type=\"column\">\n\t\t\t<div class=\"elementor-widget-wrap elementor-element-populated\">\n\t\t\t\t\t\t<div class=\"elementor-element elementor-element-6af1e93a elementor-widget elementor-widget-heading\" data-id=\"6af1e93a\" data-element_type=\"widget\" data-e-type=\"widget\" data-widget_type=\"heading.default\">\n\t\t\t\t<div class=\"elementor-widget-container\">\n\t\t\t\t\t<h1 class=\"elementor-heading-title elementor-size-default\">Strategi og prosjektledelse<\/h1>\t\t\t\t<\/div>\n\t\t\t\t<\/div>\n\t\t\t\t\t<\/div>\n\t\t<\/div>\n\t\t\t\t\t<\/div>\n\t\t<\/section>\n\t\t\t\t<section class=\"elementor-section elementor-top-section elementor-element elementor-element-12a50e15 elementor-section-boxed elementor-section-height-default elementor-section-height-default\" data-id=\"12a50e15\" data-element_type=\"section\" data-e-type=\"section\">\n\t\t\t\t\t\t<div class=\"elementor-container elementor-column-gap-default\">\n\t\t\t\t\t<div class=\"elementor-column elementor-col-100 elementor-top-column elementor-element elementor-element-2edbf65\" data-id=\"2edbf65\" data-element_type=\"column\" data-e-type=\"column\">\n\t\t\t<div class=\"elementor-widget-wrap elementor-element-populated\">\n\t\t\t\t\t\t<div class=\"elementor-element elementor-element-3b3a6311 elementor-widget elementor-widget-text-editor\" data-id=\"3b3a6311\" data-element_type=\"widget\" data-e-type=\"widget\" data-widget_type=\"text-editor.default\">\n\t\t\t\t<div class=\"elementor-widget-container\">\n\t\t\t\t\t\t\t\t\t<p>\u00c5 forst\u00e5 de viktigste driverne for verdiskaping i havbruksn\u00e6ringen er viktig for \u00e5 sette og gjennomf\u00f8re en effektiv strategi p\u00e5 tvers av en organisasjon. Salmalytics spesialiserer seg p\u00e5 \u00e5 identifisere disse n\u00f8kkeldriverne\u2014enten de er biologiske, driftsmessige eller \u00f8konomiske\u2014som en del av en omfattende strategisk utviklingsprosess.<\/p><p>\u00a0<\/p><p>Vi hjelper oppdrettere med \u00e5 avdekke og utnytte disse driverne for \u00e5 forbedre den totale prestasjonen. V\u00e5r kompetanse inkluderer hjelp til \u00e5 introdusere, etablere og videreutvikle strategier i organisasjoner. Vi fokuserer p\u00e5 hvorfor en strategi er avgj\u00f8rende, hvordan den implementeres effektivt, og hvordan den kontinuerlig kan utvikles og forbedres.<\/p><p>\u00a0<\/p><p>V\u00e5rt team har erfaring med \u00e5 utvikle strategier og lede prosjekter, blant annet innen biosikkerhet, teknologiutvikling og fiskehelse.<\/p>\t\t\t\t\t\t\t\t<\/div>\n\t\t\t\t<\/div>\n\t\t\t\t<div class=\"elementor-element elementor-element-68965f70 elementor-widget elementor-widget-image\" data-id=\"68965f70\" data-element_type=\"widget\" data-e-type=\"widget\" data-widget_type=\"image.default\">\n\t\t\t\t<div class=\"elementor-widget-container\">\n\t\t\t\t\t\t\t\t\t\t\t\t\t\t\t<img decoding=\"async\" src=\"https:\/\/salmalytics.no\/wp-content\/uploads\/elementor\/thumbs\/iStock-1363277474-qsxoqynyg0q3imcr30ukw8o7g36kv9f2jgtntxafnu.jpg\" title=\"Hands stop the domino effect of collapsing\" alt=\"Hands stop the domino effect of collapsing\" loading=\"lazy\" \/>\t\t\t\t\t\t\t\t\t\t\t\t\t\t\t<\/div>\n\t\t\t\t<\/div>\n\t\t\t\t<div class=\"elementor-element elementor-element-27ce843e elementor-widget-divider--view-line elementor-widget elementor-widget-divider\" data-id=\"27ce843e\" data-element_type=\"widget\" data-e-type=\"widget\" data-widget_type=\"divider.default\">\n\t\t\t\t<div class=\"elementor-widget-container\">\n\t\t\t\t\t\t\t<div class=\"elementor-divider\">\n\t\t\t<span class=\"elementor-divider-separator\">\n\t\t\t\t\t\t<\/span>\n\t\t<\/div>\n\t\t\t\t\t\t<\/div>\n\t\t\t\t<\/div>\n\t\t\t\t\t<\/div>\n\t\t<\/div>\n\t\t\t\t\t<\/div>\n\t\t<\/section>\n\t\t\t\t<section class=\"elementor-section elementor-top-section elementor-element elementor-element-4b8ff391 elementor-section-boxed elementor-section-height-default elementor-section-height-default\" data-id=\"4b8ff391\" data-element_type=\"section\" data-e-type=\"section\">\n\t\t\t\t\t\t<div class=\"elementor-container elementor-column-gap-default\">\n\t\t\t\t\t<div class=\"elementor-column elementor-col-50 elementor-top-column elementor-element elementor-element-4d195229\" data-id=\"4d195229\" data-element_type=\"column\" data-e-type=\"column\">\n\t\t\t<div class=\"elementor-widget-wrap elementor-element-populated\">\n\t\t\t\t\t\t<div class=\"elementor-element elementor-element-737234 elementor-widget elementor-widget-heading\" data-id=\"737234\" data-element_type=\"widget\" data-e-type=\"widget\" data-widget_type=\"heading.default\">\n\t\t\t\t<div class=\"elementor-widget-container\">\n\t\t\t\t\t<h2 class=\"elementor-heading-title elementor-size-medium\">Tidligere arbeid:<\/h2>\t\t\t\t<\/div>\n\t\t\t\t<\/div>\n\t\t\t\t<div data-ra-url=\"https:\/\/pubmed.ncbi.nlm.nih.gov\/34402092\/\" data-ra-target=\"_self\" class=\"ra-clickable-wrapper elementor-element elementor-element-1a84510c elementor-widget elementor-widget-text-editor\" style=\"cursor:pointer;\" data-id=\"1a84510c\" data-element_type=\"widget\" data-e-type=\"widget\" data-widget_type=\"text-editor.default\">\n\t\t\t\t<div class=\"elementor-widget-container\">\n\t\t\t\t\t\t\t\t\t<ul><li>Faroe Islands: Proposal of general zoosanitary principles and regulatory proposals in Faeroese aquaculture industry (in Norwegian). Report<\/li><li>Iceland: Member of official ISA and Biosecurity Committee in sea based aquaculture in Iceland<\/li><\/ul>\t\t\t\t\t\t\t\t<\/div>\n\t\t\t\t<\/div>\n\t\t\t\t\t<\/div>\n\t\t<\/div>\n\t\t\t\t<div class=\"elementor-column elementor-col-50 elementor-top-column elementor-element elementor-element-10cea22a\" data-id=\"10cea22a\" data-element_type=\"column\" data-e-type=\"column\">\n\t\t\t<div class=\"elementor-widget-wrap elementor-element-populated\">\n\t\t\t\t\t\t<div class=\"elementor-element elementor-element-7c9b9484 elementor-widget elementor-widget-image\" data-id=\"7c9b9484\" data-element_type=\"widget\" data-e-type=\"widget\" data-widget_type=\"image.default\">\n\t\t\t\t<div class=\"elementor-widget-container\">\n\t\t\t\t\t\t\t\t\t\t\t\t\t\t\t<img fetchpriority=\"high\" decoding=\"async\" width=\"754\" height=\"447\" src=\"https:\/\/salmalytics.no\/wp-content\/uploads\/2024\/08\/Bilde2.png\" class=\"attachment-large size-large wp-image-3155\" alt=\"\" srcset=\"https:\/\/salmalytics.no\/wp-content\/uploads\/2024\/08\/Bilde2.png 754w, https:\/\/salmalytics.no\/wp-content\/uploads\/2024\/08\/Bilde2-300x178.png 300w\" sizes=\"(max-width: 754px) 100vw, 754px\" \/>\t\t\t\t\t\t\t\t\t\t\t\t\t\t\t<\/div>\n\t\t\t\t<\/div>\n\t\t\t\t\t<\/div>\n\t\t<\/div>\n\t\t\t\t\t<\/div>\n\t\t<\/section>\n\t\t\t\t<\/div>\n\t\t","protected":false},"excerpt":{"rendered":"<p>Strategi og prosjektledelse \u00c5 forst\u00e5 de viktigste driverne for verdiskaping i havbruksn\u00e6ringen er viktig for \u00e5 sette og gjennomf\u00f8re en effektiv strategi p\u00e5 tvers av en organisasjon. Salmalytics spesialiserer seg p\u00e5 \u00e5 identifisere disse n\u00f8kkeldriverne\u2014enten de er biologiske, driftsmessige eller \u00f8konomiske\u2014som en del av en omfattende strategisk utviklingsprosess. \u00a0 Vi hjelper oppdrettere med \u00e5 avdekke [&hellip;]<\/p>\n","protected":false},"author":1,"featured_media":0,"parent":0,"menu_order":0,"comment_status":"closed","ping_status":"closed","template":"","meta":{"site-sidebar-layout":"no-sidebar","site-content-layout":"page-builder","ast-site-content-layout":"default","site-content-style":"default","site-sidebar-style":"default","ast-global-header-display":"","ast-banner-title-visibility":"","ast-main-header-display":"","ast-hfb-above-header-display":"","ast-hfb-below-header-display":"","ast-hfb-mobile-header-display":"","site-post-title":"disabled","ast-breadcrumbs-content":"","ast-featured-img":"disabled","footer-sml-layout":"","ast-disable-related-posts":"","theme-transparent-header-meta":"enabled","adv-header-id-meta":"","stick-header-meta":"","header-above-stick-meta":"","header-main-stick-meta":"","header-below-stick-meta":"","astra-migrate-meta-layouts":"default","ast-page-background-enabled":"default","ast-page-background-meta":{"desktop":{"background-color":"var(--ast-global-color-4)","background-image":"","background-repeat":"repeat","background-position":"center center","background-size":"auto","background-attachment":"scroll","background-type":"","background-media":"","overlay-type":"","overlay-color":"","overlay-opacity":"","overlay-gradient":""},"tablet":{"background-color":"","background-image":"","background-repeat":"repeat","background-position":"center center","background-size":"auto","background-attachment":"scroll","background-type":"","background-media":"","overlay-type":"","overlay-color":"","overlay-opacity":"","overlay-gradient":""},"mobile":{"background-color":"","background-image":"","background-repeat":"repeat","background-position":"center center","background-size":"auto","background-attachment":"scroll","background-type":"","background-media":"","overlay-type":"","overlay-color":"","overlay-opacity":"","overlay-gradient":""}},"ast-content-background-meta":{"desktop":{"background-color":"var(--ast-global-color-5)","background-image":"","background-repeat":"repeat","background-position":"center center","background-size":"auto","background-attachment":"scroll","background-type":"","background-media":"","overlay-type":"","overlay-color":"","overlay-opacity":"","overlay-gradient":""},"tablet":{"background-color":"var(--ast-global-color-5)","background-image":"","background-repeat":"repeat","background-position":"center center","background-size":"auto","background-attachment":"scroll","background-type":"","background-media":"","overlay-type":"","overlay-color":"","overlay-opacity":"","overlay-gradient":""},"mobile":{"background-color":"var(--ast-global-color-5)","background-image":"","background-repeat":"repeat","background-position":"center center","background-size":"auto","background-attachment":"scroll","background-type":"","background-media":"","overlay-type":"","overlay-color":"","overlay-opacity":"","overlay-gradient":""}},"footnotes":""},"class_list":["post-3282","page","type-page","status-publish","hentry"],"rttpg_featured_image_url":null,"rttpg_author":{"display_name":"admin","author_link":"https:\/\/salmalytics.no\/?author=1"},"rttpg_comment":0,"rttpg_category":" <a href=\"https:\/\/salmalytics.no\/?lang=nb\" rel=\"tag\">Norsk Bokm\u00e5l<\/a>","rttpg_excerpt":"Strategi og prosjektledelse \u00c5 forst\u00e5 de viktigste driverne for verdiskaping i havbruksn\u00e6ringen er viktig for \u00e5 sette og gjennomf\u00f8re en effektiv strategi p\u00e5 tvers av en organisasjon. Salmalytics spesialiserer seg p\u00e5 \u00e5 identifisere disse n\u00f8kkeldriverne\u2014enten de er biologiske, driftsmessige eller \u00f8konomiske\u2014som en del av en omfattende strategisk utviklingsprosess. \u00a0 Vi hjelper oppdrettere med \u00e5 avdekke&hellip;","_links":{"self":[{"href":"https:\/\/salmalytics.no\/index.php?rest_route=\/wp\/v2\/pages\/3282","targetHints":{"allow":["GET"]}}],"collection":[{"href":"https:\/\/salmalytics.no\/index.php?rest_route=\/wp\/v2\/pages"}],"about":[{"href":"https:\/\/salmalytics.no\/index.php?rest_route=\/wp\/v2\/types\/page"}],"author":[{"embeddable":true,"href":"https:\/\/salmalytics.no\/index.php?rest_route=\/wp\/v2\/users\/1"}],"replies":[{"embeddable":true,"href":"https:\/\/salmalytics.no\/index.php?rest_route=%2Fwp%2Fv2%2Fcomments&post=3282"}],"version-history":[{"count":13,"href":"https:\/\/salmalytics.no\/index.php?rest_route=\/wp\/v2\/pages\/3282\/revisions"}],"predecessor-version":[{"id":4025,"href":"https:\/\/salmalytics.no\/index.php?rest_route=\/wp\/v2\/pages\/3282\/revisions\/4025"}],"wp:attachment":[{"href":"https:\/\/salmalytics.no\/index.php?rest_route=%2Fwp%2Fv2%2Fmedia&parent=3282"}],"curies":[{"name":"wp","href":"https:\/\/api.w.org\/{rel}","templated":true}]}}