{"id":3309,"date":"2024-08-21T13:25:50","date_gmt":"2024-08-21T13:25:50","guid":{"rendered":"https:\/\/salmalytics.no\/?page_id=3309"},"modified":"2025-06-25T07:53:19","modified_gmt":"2025-06-25T07:53:19","slug":"formonitorering","status":"publish","type":"page","link":"https:\/\/salmalytics.no\/?page_id=3309&lang=nb","title":{"rendered":"F\u00f4rmonitorering"},"content":{"rendered":"\t\t<div data-elementor-type=\"wp-page\" data-elementor-id=\"3309\" class=\"elementor elementor-3309\">\n\t\t\t\t\t\t<section class=\"elementor-section elementor-top-section elementor-element elementor-element-33ca4665 elementor-section-height-min-height elementor-section-boxed elementor-section-height-default elementor-section-items-middle\" data-id=\"33ca4665\" data-element_type=\"section\" data-e-type=\"section\" data-settings=\"{&quot;background_background&quot;:&quot;classic&quot;}\">\n\t\t\t\t\t\t\t<div class=\"elementor-background-overlay\"><\/div>\n\t\t\t\t\t\t\t<div class=\"elementor-container elementor-column-gap-default\">\n\t\t\t\t\t<div class=\"elementor-column elementor-col-100 elementor-top-column elementor-element elementor-element-49a0fb3f\" data-id=\"49a0fb3f\" data-element_type=\"column\" data-e-type=\"column\">\n\t\t\t<div class=\"elementor-widget-wrap elementor-element-populated\">\n\t\t\t\t\t\t<div class=\"elementor-element elementor-element-fe61df elementor-widget elementor-widget-heading\" data-id=\"fe61df\" data-element_type=\"widget\" data-e-type=\"widget\" data-widget_type=\"heading.default\">\n\t\t\t\t<div class=\"elementor-widget-container\">\n\t\t\t\t\t<h1 class=\"elementor-heading-title elementor-size-default\">F\u00f4rmonitorering<\/h1>\t\t\t\t<\/div>\n\t\t\t\t<\/div>\n\t\t\t\t\t<\/div>\n\t\t<\/div>\n\t\t\t\t\t<\/div>\n\t\t<\/section>\n\t\t\t\t<section class=\"elementor-section elementor-top-section elementor-element elementor-element-20152792 elementor-section-boxed elementor-section-height-default elementor-section-height-default\" data-id=\"20152792\" data-element_type=\"section\" data-e-type=\"section\">\n\t\t\t\t\t\t<div class=\"elementor-container elementor-column-gap-default\">\n\t\t\t\t\t<div class=\"elementor-column elementor-col-100 elementor-top-column elementor-element elementor-element-163b6dd4\" data-id=\"163b6dd4\" data-element_type=\"column\" data-e-type=\"column\">\n\t\t\t<div class=\"elementor-widget-wrap elementor-element-populated\">\n\t\t\t\t\t\t<div class=\"elementor-element elementor-element-92180d6 elementor-widget elementor-widget-text-editor\" data-id=\"92180d6\" data-element_type=\"widget\" data-e-type=\"widget\" data-widget_type=\"text-editor.default\">\n\t\t\t\t<div class=\"elementor-widget-container\">\n\t\t\t\t\t\t\t\t\t<p>F\u00f4r utgj\u00f8r den st\u00f8rste kostnaden i lakseoppdrett, og st\u00e5r for 40-50 % av de totale utgiftene og 70-80 % av karbonavtrykket. Overv\u00e5king av f\u00f4r og f\u00f4ring i driften gir mulighet til \u00e5 oppdage kvalitetsavvik, sammenligne tilvekst og utf\u00f8re kost-nytte-analyser. Beslutninger om f\u00f4r inneb\u00e6rer ofte betydelige kostnader, noen ganger opp til milliarder, og solid kunnskapsgrunnlag \u00f8ker kvaliteten p\u00e5 disse beslutningene.<\/p><p>\u00a0<\/p><p>Salmalytics tilbyr r\u00e5dgivning og overv\u00e5kningstjenester for \u00e5 validere den ern\u00e6ringsmessige og \u00f8konomiske verdien av f\u00f4r i kommersielt lakseoppdrett. V\u00e5r overv\u00e5kning er basert p\u00e5 f\u00f4r- og avf\u00f8ringspr\u00f8ver tatt fra oppdrettsanlegg, som analyseres for spesifikke ford\u00f8yelige proteiner (DP) og ford\u00f8yelig energi (DE). I tillegg tilbyr vi analyser av produksjonsdata for \u00e5 vurdere ytelsen til forskjellige f\u00f4rtyper og gjennomf\u00f8re kost-nytte-analyser av f\u00f4rprodukter.<\/p>\t\t\t\t\t\t\t\t<\/div>\n\t\t\t\t<\/div>\n\t\t\t\t<div class=\"elementor-element elementor-element-5d856ae5 elementor-widget-divider--view-line elementor-widget elementor-widget-divider\" data-id=\"5d856ae5\" data-element_type=\"widget\" data-e-type=\"widget\" data-widget_type=\"divider.default\">\n\t\t\t\t<div class=\"elementor-widget-container\">\n\t\t\t\t\t\t\t<div class=\"elementor-divider\">\n\t\t\t<span class=\"elementor-divider-separator\">\n\t\t\t\t\t\t<\/span>\n\t\t<\/div>\n\t\t\t\t\t\t<\/div>\n\t\t\t\t<\/div>\n\t\t\t\t\t<\/div>\n\t\t<\/div>\n\t\t\t\t\t<\/div>\n\t\t<\/section>\n\t\t\t\t<section class=\"elementor-section elementor-top-section elementor-element elementor-element-3c07f004 elementor-section-boxed elementor-section-height-default elementor-section-height-default\" data-id=\"3c07f004\" data-element_type=\"section\" data-e-type=\"section\">\n\t\t\t\t\t\t<div class=\"elementor-container elementor-column-gap-default\">\n\t\t\t\t\t<div class=\"elementor-column elementor-col-100 elementor-top-column elementor-element elementor-element-5c9a67fa\" data-id=\"5c9a67fa\" data-element_type=\"column\" data-e-type=\"column\">\n\t\t\t<div class=\"elementor-widget-wrap elementor-element-populated\">\n\t\t\t\t\t\t<div class=\"elementor-element elementor-element-65f246fe elementor-widget elementor-widget-spacer\" data-id=\"65f246fe\" data-element_type=\"widget\" data-e-type=\"widget\" data-widget_type=\"spacer.default\">\n\t\t\t\t<div class=\"elementor-widget-container\">\n\t\t\t\t\t\t\t<div class=\"elementor-spacer\">\n\t\t\t<div class=\"elementor-spacer-inner\"><\/div>\n\t\t<\/div>\n\t\t\t\t\t\t<\/div>\n\t\t\t\t<\/div>\n\t\t\t\t\t<\/div>\n\t\t<\/div>\n\t\t\t\t\t<\/div>\n\t\t<\/section>\n\t\t\t\t<section class=\"elementor-section elementor-top-section elementor-element elementor-element-5e0dd3b4 elementor-section-boxed elementor-section-height-default elementor-section-height-default\" data-id=\"5e0dd3b4\" data-element_type=\"section\" data-e-type=\"section\">\n\t\t\t\t\t\t<div class=\"elementor-container elementor-column-gap-default\">\n\t\t\t\t\t<div class=\"elementor-column elementor-col-50 elementor-top-column elementor-element elementor-element-57ef0262\" data-id=\"57ef0262\" data-element_type=\"column\" data-e-type=\"column\">\n\t\t\t<div class=\"elementor-widget-wrap elementor-element-populated\">\n\t\t\t\t\t\t<div class=\"elementor-element elementor-element-5fd7e685 elementor-widget elementor-widget-heading\" data-id=\"5fd7e685\" data-element_type=\"widget\" data-e-type=\"widget\" data-widget_type=\"heading.default\">\n\t\t\t\t<div class=\"elementor-widget-container\">\n\t\t\t\t\t<h2 class=\"elementor-heading-title elementor-size-medium\">Tidligere arbeid:<\/h2>\t\t\t\t<\/div>\n\t\t\t\t<\/div>\n\t\t\t\t<div data-ra-url=\"https:\/\/pubmed.ncbi.nlm.nih.gov\/34402092\/\" data-ra-target=\"_self\" class=\"ra-clickable-wrapper elementor-element elementor-element-47129908 elementor-widget elementor-widget-text-editor\" style=\"cursor:pointer;\" data-id=\"47129908\" data-element_type=\"widget\" data-e-type=\"widget\" data-widget_type=\"text-editor.default\">\n\t\t\t\t<div class=\"elementor-widget-container\">\n\t\t\t\t\t\t\t\t\t<ul><li>I. Krontveit, E.A. Bendiksen, A. Aunsmo, 2014. Field monitoring of feed digestibility in Atlantic salmon farming using crude fiber as an inert marker. Aquaculture 426\u2013427: 249\u2013255.<\/li><li>Aunsmo, R Krontveit, P.S. Valle, J. Bohlin, 2014. Field validation of growth models used in Atlantic salmon farming. Aquaculture 428\u2013429 (2014) 249\u2013257.<\/li><\/ul>\t\t\t\t\t\t\t\t<\/div>\n\t\t\t\t<\/div>\n\t\t\t\t\t<\/div>\n\t\t<\/div>\n\t\t\t\t<div class=\"elementor-column elementor-col-50 elementor-top-column elementor-element elementor-element-ac6fcc4\" data-id=\"ac6fcc4\" data-element_type=\"column\" data-e-type=\"column\">\n\t\t\t<div class=\"elementor-widget-wrap elementor-element-populated\">\n\t\t\t\t\t\t<div class=\"elementor-element elementor-element-22d8e000 elementor-widget elementor-widget-image\" data-id=\"22d8e000\" data-element_type=\"widget\" data-e-type=\"widget\" data-widget_type=\"image.default\">\n\t\t\t\t<div class=\"elementor-widget-container\">\n\t\t\t\t\t\t\t\t\t\t\t\t\t\t\t<img fetchpriority=\"high\" decoding=\"async\" width=\"768\" height=\"512\" src=\"https:\/\/salmalytics.no\/wp-content\/uploads\/2024\/08\/iStock-1218927738-768x512.jpg\" class=\"attachment-medium_large size-medium_large wp-image-3145\" alt=\"\" srcset=\"https:\/\/salmalytics.no\/wp-content\/uploads\/2024\/08\/iStock-1218927738-768x512.jpg 768w, https:\/\/salmalytics.no\/wp-content\/uploads\/2024\/08\/iStock-1218927738-300x200.jpg 300w, https:\/\/salmalytics.no\/wp-content\/uploads\/2024\/08\/iStock-1218927738-1024x683.jpg 1024w, https:\/\/salmalytics.no\/wp-content\/uploads\/2024\/08\/iStock-1218927738.jpg 1254w\" sizes=\"(max-width: 768px) 100vw, 768px\" \/>\t\t\t\t\t\t\t\t\t\t\t\t\t\t\t<\/div>\n\t\t\t\t<\/div>\n\t\t\t\t\t<\/div>\n\t\t<\/div>\n\t\t\t\t\t<\/div>\n\t\t<\/section>\n\t\t\t\t<\/div>\n\t\t","protected":false},"excerpt":{"rendered":"<p>F\u00f4rmonitorering F\u00f4r utgj\u00f8r den st\u00f8rste kostnaden i lakseoppdrett, og st\u00e5r for 40-50 % av de totale utgiftene og 70-80 % av karbonavtrykket. Overv\u00e5king av f\u00f4r og f\u00f4ring i driften gir mulighet til \u00e5 oppdage kvalitetsavvik, sammenligne tilvekst og utf\u00f8re kost-nytte-analyser. Beslutninger om f\u00f4r inneb\u00e6rer ofte betydelige kostnader, noen ganger opp til milliarder, og solid kunnskapsgrunnlag [&hellip;]<\/p>\n","protected":false},"author":1,"featured_media":0,"parent":0,"menu_order":0,"comment_status":"closed","ping_status":"closed","template":"","meta":{"site-sidebar-layout":"no-sidebar","site-content-layout":"page-builder","ast-site-content-layout":"default","site-content-style":"default","site-sidebar-style":"default","ast-global-header-display":"","ast-banner-title-visibility":"","ast-main-header-display":"","ast-hfb-above-header-display":"","ast-hfb-below-header-display":"","ast-hfb-mobile-header-display":"","site-post-title":"disabled","ast-breadcrumbs-content":"","ast-featured-img":"disabled","footer-sml-layout":"","ast-disable-related-posts":"","theme-transparent-header-meta":"enabled","adv-header-id-meta":"","stick-header-meta":"","header-above-stick-meta":"","header-main-stick-meta":"","header-below-stick-meta":"","astra-migrate-meta-layouts":"default","ast-page-background-enabled":"default","ast-page-background-meta":{"desktop":{"background-color":"var(--ast-global-color-4)","background-image":"","background-repeat":"repeat","background-position":"center center","background-size":"auto","background-attachment":"scroll","background-type":"","background-media":"","overlay-type":"","overlay-color":"","overlay-opacity":"","overlay-gradient":""},"tablet":{"background-color":"","background-image":"","background-repeat":"repeat","background-position":"center center","background-size":"auto","background-attachment":"scroll","background-type":"","background-media":"","overlay-type":"","overlay-color":"","overlay-opacity":"","overlay-gradient":""},"mobile":{"background-color":"","background-image":"","background-repeat":"repeat","background-position":"center center","background-size":"auto","background-attachment":"scroll","background-type":"","background-media":"","overlay-type":"","overlay-color":"","overlay-opacity":"","overlay-gradient":""}},"ast-content-background-meta":{"desktop":{"background-color":"var(--ast-global-color-5)","background-image":"","background-repeat":"repeat","background-position":"center center","background-size":"auto","background-attachment":"scroll","background-type":"","background-media":"","overlay-type":"","overlay-color":"","overlay-opacity":"","overlay-gradient":""},"tablet":{"background-color":"var(--ast-global-color-5)","background-image":"","background-repeat":"repeat","background-position":"center center","background-size":"auto","background-attachment":"scroll","background-type":"","background-media":"","overlay-type":"","overlay-color":"","overlay-opacity":"","overlay-gradient":""},"mobile":{"background-color":"var(--ast-global-color-5)","background-image":"","background-repeat":"repeat","background-position":"center center","background-size":"auto","background-attachment":"scroll","background-type":"","background-media":"","overlay-type":"","overlay-color":"","overlay-opacity":"","overlay-gradient":""}},"footnotes":""},"class_list":["post-3309","page","type-page","status-publish","hentry"],"rttpg_featured_image_url":null,"rttpg_author":{"display_name":"admin","author_link":"https:\/\/salmalytics.no\/?author=1"},"rttpg_comment":0,"rttpg_category":" <a href=\"https:\/\/salmalytics.no\/?lang=nb\" rel=\"tag\">Norsk Bokm\u00e5l<\/a>","rttpg_excerpt":"F\u00f4rmonitorering F\u00f4r utgj\u00f8r den st\u00f8rste kostnaden i lakseoppdrett, og st\u00e5r for 40-50 % av de totale utgiftene og 70-80 % av karbonavtrykket. Overv\u00e5king av f\u00f4r og f\u00f4ring i driften gir mulighet til \u00e5 oppdage kvalitetsavvik, sammenligne tilvekst og utf\u00f8re kost-nytte-analyser. Beslutninger om f\u00f4r inneb\u00e6rer ofte betydelige kostnader, noen ganger opp til milliarder, og solid kunnskapsgrunnlag&hellip;","_links":{"self":[{"href":"https:\/\/salmalytics.no\/index.php?rest_route=\/wp\/v2\/pages\/3309","targetHints":{"allow":["GET"]}}],"collection":[{"href":"https:\/\/salmalytics.no\/index.php?rest_route=\/wp\/v2\/pages"}],"about":[{"href":"https:\/\/salmalytics.no\/index.php?rest_route=\/wp\/v2\/types\/page"}],"author":[{"embeddable":true,"href":"https:\/\/salmalytics.no\/index.php?rest_route=\/wp\/v2\/users\/1"}],"replies":[{"embeddable":true,"href":"https:\/\/salmalytics.no\/index.php?rest_route=%2Fwp%2Fv2%2Fcomments&post=3309"}],"version-history":[{"count":13,"href":"https:\/\/salmalytics.no\/index.php?rest_route=\/wp\/v2\/pages\/3309\/revisions"}],"predecessor-version":[{"id":4034,"href":"https:\/\/salmalytics.no\/index.php?rest_route=\/wp\/v2\/pages\/3309\/revisions\/4034"}],"wp:attachment":[{"href":"https:\/\/salmalytics.no\/index.php?rest_route=%2Fwp%2Fv2%2Fmedia&parent=3309"}],"curies":[{"name":"wp","href":"https:\/\/api.w.org\/{rel}","templated":true}]}}