{"id":4102,"date":"2025-08-12T16:37:02","date_gmt":"2025-08-12T16:37:02","guid":{"rendered":"https:\/\/salmalytics.no\/?page_id=4102"},"modified":"2025-09-01T10:25:48","modified_gmt":"2025-09-01T10:25:48","slug":"new-service","status":"publish","type":"page","link":"https:\/\/salmalytics.no\/?page_id=4102&lang=nb","title":{"rendered":"ny service"},"content":{"rendered":"\t\t<div data-elementor-type=\"wp-page\" data-elementor-id=\"4102\" class=\"elementor elementor-4102\">\n\t\t\t\t\t\t<section class=\"elementor-section elementor-top-section elementor-element elementor-element-51f7aa3b elementor-section-height-min-height elementor-section-boxed elementor-section-height-default elementor-section-items-middle\" data-id=\"51f7aa3b\" data-element_type=\"section\" data-e-type=\"section\" data-settings=\"{&quot;background_background&quot;:&quot;classic&quot;}\">\n\t\t\t\t\t\t\t<div class=\"elementor-background-overlay\"><\/div>\n\t\t\t\t\t\t\t<div class=\"elementor-container elementor-column-gap-default\">\n\t\t\t\t\t<div class=\"elementor-column elementor-col-100 elementor-top-column elementor-element elementor-element-75405c0\" data-id=\"75405c0\" data-element_type=\"column\" data-e-type=\"column\">\n\t\t\t<div class=\"elementor-widget-wrap elementor-element-populated\">\n\t\t\t\t\t\t<div class=\"elementor-element elementor-element-f9c6bbf elementor-widget elementor-widget-heading\" data-id=\"f9c6bbf\" data-element_type=\"widget\" data-e-type=\"widget\" data-widget_type=\"heading.default\">\n\t\t\t\t<div class=\"elementor-widget-container\">\n\t\t\t\t\t<h1 class=\"elementor-heading-title elementor-size-default\">Litteraturgjennomgang og meta-analyser<\/h1>\t\t\t\t<\/div>\n\t\t\t\t<\/div>\n\t\t\t\t\t<\/div>\n\t\t<\/div>\n\t\t\t\t\t<\/div>\n\t\t<\/section>\n\t\t\t\t<section class=\"elementor-section elementor-top-section elementor-element elementor-element-455784f2 elementor-section-boxed elementor-section-height-default elementor-section-height-default\" data-id=\"455784f2\" data-element_type=\"section\" data-e-type=\"section\">\n\t\t\t\t\t\t<div class=\"elementor-container elementor-column-gap-default\">\n\t\t\t\t\t<div class=\"elementor-column elementor-col-100 elementor-top-column elementor-element elementor-element-f18e410\" data-id=\"f18e410\" data-element_type=\"column\" data-e-type=\"column\">\n\t\t\t<div class=\"elementor-widget-wrap elementor-element-populated\">\n\t\t\t\t\t\t<div class=\"elementor-element elementor-element-7e92d635 elementor-widget elementor-widget-text-editor\" data-id=\"7e92d635\" data-element_type=\"widget\" data-e-type=\"widget\" data-widget_type=\"text-editor.default\">\n\t\t\t\t<div class=\"elementor-widget-container\">\n\t\t\t\t\t\t\t\t\t<p>Vi samler, standardiserer og tolker resultater fra ulike forskningsstudier, slik at de kan brukes som et p\u00e5litelig beslutningsgrunnlag. Vi benytter systematiske litteraturgjennomganger, strukturerte evidenstabeller og meta-analyser for \u00e5 aggregere effektst\u00f8rrelser. Dette gj\u00f8r det mulig \u00e5 sammenligne resultater p\u00e5 tvers av studier, tid og sted.<\/p>\n<p><br \/>V\u00e5rt arbeid fokuserer p\u00e5 omr\u00e5der der integrert kunnskap har st\u00f8rst betydning \u2013 som \u00e5 evaluere effekten av behandlinger og intervensjoner, forst\u00e5 rollen til milj\u00f8- og driftsfaktorer, og identifisere n\u00f8kkelrisikofaktorer som p\u00e5virker biologisk ytelse.<\/p>\n<p><br \/>Gjennom bruk av standardiserte kodingssystemer og strukturerte rammeverk styrker vi sporbarhet og sammenlignbarhet p\u00e5 tvers av ulike datakilder. Denne tiln\u00e6rmingen bidrar ikke bare til \u00e5 syntetisere eksisterende kunnskap, men fremhever ogs\u00e5 kritiske kunnskapshull som kan veilede fremtidig forskning og datainnsamling.<\/p>\n<p>\u00a0<\/p>\n<p>\u00a0<\/p>\t\t\t\t\t\t\t\t<\/div>\n\t\t\t\t<\/div>\n\t\t\t\t<div class=\"elementor-element elementor-element-13e18528 elementor-widget-divider--view-line elementor-widget elementor-widget-divider\" data-id=\"13e18528\" data-element_type=\"widget\" data-e-type=\"widget\" data-widget_type=\"divider.default\">\n\t\t\t\t<div class=\"elementor-widget-container\">\n\t\t\t\t\t\t\t<div class=\"elementor-divider\">\n\t\t\t<span class=\"elementor-divider-separator\">\n\t\t\t\t\t\t<\/span>\n\t\t<\/div>\n\t\t\t\t\t\t<\/div>\n\t\t\t\t<\/div>\n\t\t\t\t\t<\/div>\n\t\t<\/div>\n\t\t\t\t\t<\/div>\n\t\t<\/section>\n\t\t\t\t<section class=\"elementor-section elementor-top-section elementor-element elementor-element-5ee08ae8 elementor-section-boxed elementor-section-height-default elementor-section-height-default\" data-id=\"5ee08ae8\" data-element_type=\"section\" data-e-type=\"section\">\n\t\t\t\t\t\t<div class=\"elementor-container elementor-column-gap-default\">\n\t\t\t\t\t<div class=\"elementor-column elementor-col-50 elementor-top-column elementor-element elementor-element-6d454bde\" data-id=\"6d454bde\" data-element_type=\"column\" data-e-type=\"column\">\n\t\t\t<div class=\"elementor-widget-wrap elementor-element-populated\">\n\t\t\t\t\t\t<div class=\"elementor-element elementor-element-412faaeb elementor-widget elementor-widget-heading\" data-id=\"412faaeb\" data-element_type=\"widget\" data-e-type=\"widget\" data-widget_type=\"heading.default\">\n\t\t\t\t<div class=\"elementor-widget-container\">\n\t\t\t\t\t<h2 class=\"elementor-heading-title elementor-size-medium\">Eksempel:<\/h2>\t\t\t\t<\/div>\n\t\t\t\t<\/div>\n\t\t\t\t<div data-ra-url=\"https:\/\/pubmed.ncbi.nlm.nih.gov\/34402092\/\" data-ra-target=\"_self\" class=\"ra-clickable-wrapper elementor-element elementor-element-1e52cd8e elementor-widget elementor-widget-text-editor\" style=\"cursor:pointer;\" data-id=\"1e52cd8e\" data-element_type=\"widget\" data-e-type=\"widget\" data-widget_type=\"text-editor.default\">\n\t\t\t\t<div class=\"elementor-widget-container\">\n\t\t\t\t\t\t\t\t\t<ul>\n<li>\n<p>Vollset, K.W., Krontveit, R.I., Jansen, P.A., Finstad, B., Barlaup, B.T., Skilbrei, O.T., Krko\u0161ek, M., Romunstad, P., Aunsmo, A., Jensen, A.J. and Dohoo, I. (2016). Impacts of parasites on marine survival of Atlantic salmon: A meta-analysis. Fish and Fisheries, 17(3), 714\u2013730.<\/p>\n<\/li>\n<\/ul>\t\t\t\t\t\t\t\t<\/div>\n\t\t\t\t<\/div>\n\t\t\t\t\t<\/div>\n\t\t<\/div>\n\t\t\t\t<div class=\"elementor-column elementor-col-50 elementor-top-column elementor-element elementor-element-7737563d\" data-id=\"7737563d\" data-element_type=\"column\" data-e-type=\"column\">\n\t\t\t<div class=\"elementor-widget-wrap elementor-element-populated\">\n\t\t\t\t\t\t<div class=\"elementor-element elementor-element-1b92026 elementor-widget elementor-widget-heading\" data-id=\"1b92026\" data-element_type=\"widget\" data-e-type=\"widget\" data-widget_type=\"heading.default\">\n\t\t\t\t<div class=\"elementor-widget-container\">\n\t\t\t\t\t<h2 class=\"elementor-heading-title elementor-size-medium\">Eksempel p\u00e5 et forest plot brukt i en meta-analyse, som viser effektst\u00f8rrelser og konfidensintervaller:<\/h2>\t\t\t\t<\/div>\n\t\t\t\t<\/div>\n\t\t\t\t<div class=\"elementor-element elementor-element-400f4f97 elementor-widget elementor-widget-image\" data-id=\"400f4f97\" data-element_type=\"widget\" data-e-type=\"widget\" data-widget_type=\"image.default\">\n\t\t\t\t<div class=\"elementor-widget-container\">\n\t\t\t\t\t\t\t\t\t\t\t\t<figure class=\"wp-caption\">\n\t\t\t\t\t\t\t\t\t\t<img fetchpriority=\"high\" decoding=\"async\" width=\"1024\" height=\"662\" src=\"https:\/\/salmalytics.no\/wp-content\/uploads\/2025\/08\/Generic_forest_plot-1-1024x662.png\" class=\"attachment-large size-large wp-image-4192\" alt=\"\" srcset=\"https:\/\/salmalytics.no\/wp-content\/uploads\/2025\/08\/Generic_forest_plot-1-1024x662.png 1024w, https:\/\/salmalytics.no\/wp-content\/uploads\/2025\/08\/Generic_forest_plot-1-300x194.png 300w, https:\/\/salmalytics.no\/wp-content\/uploads\/2025\/08\/Generic_forest_plot-1-768x496.png 768w, https:\/\/salmalytics.no\/wp-content\/uploads\/2025\/08\/Generic_forest_plot-1.png 1125w\" sizes=\"(max-width: 1024px) 100vw, 1024px\" \/>\t\t\t\t\t\t\t\t\t\t\t<figcaption class=\"widget-image-caption wp-caption-text\">Kilde: Source: Generic forest plot \u2013 James Grellier (Wikimedia Commons).\n<\/figcaption>\n\t\t\t\t\t\t\t\t\t\t<\/figure>\n\t\t\t\t\t\t\t\t\t<\/div>\n\t\t\t\t<\/div>\n\t\t\t\t\t<\/div>\n\t\t<\/div>\n\t\t\t\t\t<\/div>\n\t\t<\/section>\n\t\t\t\t<\/div>\n\t\t","protected":false},"excerpt":{"rendered":"<p>Litteraturgjennomgang og meta-analyser Vi samler, standardiserer og tolker resultater fra ulike forskningsstudier, slik at de kan brukes som et p\u00e5litelig beslutningsgrunnlag. Vi benytter systematiske litteraturgjennomganger, strukturerte evidenstabeller og meta-analyser for \u00e5 aggregere effektst\u00f8rrelser. Dette gj\u00f8r det mulig \u00e5 sammenligne resultater p\u00e5 tvers av studier, tid og sted. V\u00e5rt arbeid fokuserer p\u00e5 omr\u00e5der der integrert kunnskap [&hellip;]<\/p>\n","protected":false},"author":1,"featured_media":0,"parent":0,"menu_order":0,"comment_status":"closed","ping_status":"closed","template":"","meta":{"site-sidebar-layout":"no-sidebar","site-content-layout":"page-builder","ast-site-content-layout":"default","site-content-style":"default","site-sidebar-style":"default","ast-global-header-display":"","ast-banner-title-visibility":"","ast-main-header-display":"","ast-hfb-above-header-display":"","ast-hfb-below-header-display":"","ast-hfb-mobile-header-display":"","site-post-title":"disabled","ast-breadcrumbs-content":"","ast-featured-img":"disabled","footer-sml-layout":"","ast-disable-related-posts":"","theme-transparent-header-meta":"enabled","adv-header-id-meta":"","stick-header-meta":"","header-above-stick-meta":"","header-main-stick-meta":"","header-below-stick-meta":"","astra-migrate-meta-layouts":"default","ast-page-background-enabled":"default","ast-page-background-meta":{"desktop":{"background-color":"var(--ast-global-color-4)","background-image":"","background-repeat":"repeat","background-position":"center center","background-size":"auto","background-attachment":"scroll","background-type":"","background-media":"","overlay-type":"","overlay-color":"","overlay-opacity":"","overlay-gradient":""},"tablet":{"background-color":"","background-image":"","background-repeat":"repeat","background-position":"center center","background-size":"auto","background-attachment":"scroll","background-type":"","background-media":"","overlay-type":"","overlay-color":"","overlay-opacity":"","overlay-gradient":""},"mobile":{"background-color":"","background-image":"","background-repeat":"repeat","background-position":"center center","background-size":"auto","background-attachment":"scroll","background-type":"","background-media":"","overlay-type":"","overlay-color":"","overlay-opacity":"","overlay-gradient":""}},"ast-content-background-meta":{"desktop":{"background-color":"var(--ast-global-color-5)","background-image":"","background-repeat":"repeat","background-position":"center center","background-size":"auto","background-attachment":"scroll","background-type":"","background-media":"","overlay-type":"","overlay-color":"","overlay-opacity":"","overlay-gradient":""},"tablet":{"background-color":"var(--ast-global-color-5)","background-image":"","background-repeat":"repeat","background-position":"center center","background-size":"auto","background-attachment":"scroll","background-type":"","background-media":"","overlay-type":"","overlay-color":"","overlay-opacity":"","overlay-gradient":""},"mobile":{"background-color":"var(--ast-global-color-5)","background-image":"","background-repeat":"repeat","background-position":"center center","background-size":"auto","background-attachment":"scroll","background-type":"","background-media":"","overlay-type":"","overlay-color":"","overlay-opacity":"","overlay-gradient":""}},"footnotes":""},"class_list":["post-4102","page","type-page","status-publish","hentry"],"rttpg_featured_image_url":null,"rttpg_author":{"display_name":"admin","author_link":"https:\/\/salmalytics.no\/?author=1"},"rttpg_comment":0,"rttpg_category":" <a href=\"https:\/\/salmalytics.no\/?lang=nb\" rel=\"tag\">Norsk Bokm\u00e5l<\/a>","rttpg_excerpt":"Litteraturgjennomgang og meta-analyser Vi samler, standardiserer og tolker resultater fra ulike forskningsstudier, slik at de kan brukes som et p\u00e5litelig beslutningsgrunnlag. Vi benytter systematiske litteraturgjennomganger, strukturerte evidenstabeller og meta-analyser for \u00e5 aggregere effektst\u00f8rrelser. Dette gj\u00f8r det mulig \u00e5 sammenligne resultater p\u00e5 tvers av studier, tid og sted. V\u00e5rt arbeid fokuserer p\u00e5 omr\u00e5der der integrert kunnskap&hellip;","_links":{"self":[{"href":"https:\/\/salmalytics.no\/index.php?rest_route=\/wp\/v2\/pages\/4102","targetHints":{"allow":["GET"]}}],"collection":[{"href":"https:\/\/salmalytics.no\/index.php?rest_route=\/wp\/v2\/pages"}],"about":[{"href":"https:\/\/salmalytics.no\/index.php?rest_route=\/wp\/v2\/types\/page"}],"author":[{"embeddable":true,"href":"https:\/\/salmalytics.no\/index.php?rest_route=\/wp\/v2\/users\/1"}],"replies":[{"embeddable":true,"href":"https:\/\/salmalytics.no\/index.php?rest_route=%2Fwp%2Fv2%2Fcomments&post=4102"}],"version-history":[{"count":17,"href":"https:\/\/salmalytics.no\/index.php?rest_route=\/wp\/v2\/pages\/4102\/revisions"}],"predecessor-version":[{"id":4219,"href":"https:\/\/salmalytics.no\/index.php?rest_route=\/wp\/v2\/pages\/4102\/revisions\/4219"}],"wp:attachment":[{"href":"https:\/\/salmalytics.no\/index.php?rest_route=%2Fwp%2Fv2%2Fmedia&parent=4102"}],"curies":[{"name":"wp","href":"https:\/\/api.w.org\/{rel}","templated":true}]}}